{"id":991347,"date":"2024-09-03T19:17:22","date_gmt":"2024-09-03T19:17:22","guid":{"rendered":"https:\/\/studiosukun.ca\/?page_id=991347"},"modified":"2024-09-11T14:24:24","modified_gmt":"2024-09-11T14:24:24","slug":"laura-zenker","status":"publish","type":"page","link":"https:\/\/studiosukun.ca\/fr\/laura-zenker\/","title":{"rendered":"Laura Zenker"},"content":{"rendered":"<div data-elementor-type=\"wp-page\" data-elementor-id=\"991347\" class=\"elementor elementor-991347\" data-elementor-post-type=\"page\">\n\t\t\t\t\t\t<section class=\"elementor-section elementor-top-section elementor-element elementor-element-3997c49 elementor-section-boxed elementor-section-height-default elementor-section-height-default wpr-particle-no wpr-jarallax-no wpr-parallax-no wpr-sticky-section-no wpr-equal-height-no\" data-id=\"3997c49\" data-element_type=\"section\" data-e-type=\"section\">\n\t\t\t\t\t\t<div class=\"elementor-container elementor-column-gap-no\">\n\t\t\t\t\t<div class=\"elementor-column elementor-col-100 elementor-top-column elementor-element elementor-element-3b72669\" data-id=\"3b72669\" data-element_type=\"column\" data-e-type=\"column\">\n\t\t\t<div class=\"elementor-widget-wrap elementor-element-populated\">\n\t\t\t\t\t\t<div class=\"elementor-element elementor-element-558fd8a elementor-invisible elementor-widget elementor-widget-heading\" data-id=\"558fd8a\" data-element_type=\"widget\" data-e-type=\"widget\" data-settings=\"{&quot;_animation&quot;:&quot;fadeIn&quot;,&quot;_animation_tablet&quot;:&quot;none&quot;,&quot;_animation_mobile&quot;:&quot;none&quot;}\" data-widget_type=\"heading.default\">\n\t\t\t\t<div class=\"elementor-widget-container\">\n\t\t\t\t\t<h1 class=\"elementor-heading-title elementor-size-default\">Professeurs<\/h1>\t\t\t\t<\/div>\n\t\t\t\t<\/div>\n\t\t\t\t\t<\/div>\n\t\t<\/div>\n\t\t\t\t\t<\/div>\n\t\t<\/section>\n\t\t\t\t<section class=\"elementor-section elementor-top-section elementor-element elementor-element-c71f664 elementor-section-boxed elementor-section-height-default elementor-section-height-default wpr-particle-no wpr-jarallax-no wpr-parallax-no wpr-sticky-section-no wpr-equal-height-no\" data-id=\"c71f664\" data-element_type=\"section\" data-e-type=\"section\">\n\t\t\t\t\t\t<div class=\"elementor-container elementor-column-gap-no\">\n\t\t\t\t\t<div class=\"elementor-column elementor-col-50 elementor-top-column elementor-element elementor-element-8a6589f\" data-id=\"8a6589f\" data-element_type=\"column\" data-e-type=\"column\">\n\t\t\t<div class=\"elementor-widget-wrap elementor-element-populated\">\n\t\t\t\t\t\t<div class=\"vamtam-has-theme-widget-styles elementor-element elementor-element-471ba81 elementor-invisible elementor-widget elementor-widget-image\" data-id=\"471ba81\" data-element_type=\"widget\" data-e-type=\"widget\" data-settings=\"{&quot;_animation&quot;:&quot;imageGrowWithScaleLeft&quot;,&quot;_animation_tablet&quot;:&quot;none&quot;,&quot;_animation_mobile&quot;:&quot;none&quot;}\" data-widget_type=\"image.default\">\n\t\t\t\t<div class=\"elementor-widget-container\">\n\t\t\t\t\t\t\t\t\t<div class=\"elementor-image\">\n\t\t\t\t\t\t\t\t\t\t\t<div class=\"vamtam-image-wrapper\">\n\t\t\t\t\t\t\t\t\t\t\t\t\t\t\t\t\t\t\t\t\t<img fetchpriority=\"high\" decoding=\"async\" width=\"1024\" height=\"1600\" src=\"https:\/\/studiosukun.ca\/wp-content\/uploads\/2024\/09\/IMG-20240830-WA0024.jpg\" class=\"attachment-full size-full wp-image-991325\" alt=\"\" srcset=\"https:\/\/studiosukun.ca\/wp-content\/uploads\/2024\/09\/IMG-20240830-WA0024.jpg 1024w, https:\/\/studiosukun.ca\/wp-content\/uploads\/2024\/09\/IMG-20240830-WA0024-192x300.jpg 192w, https:\/\/studiosukun.ca\/wp-content\/uploads\/2024\/09\/IMG-20240830-WA0024-655x1024.jpg 655w, https:\/\/studiosukun.ca\/wp-content\/uploads\/2024\/09\/IMG-20240830-WA0024-768x1200.jpg 768w, https:\/\/studiosukun.ca\/wp-content\/uploads\/2024\/09\/IMG-20240830-WA0024-983x1536.jpg 983w, https:\/\/studiosukun.ca\/wp-content\/uploads\/2024\/09\/IMG-20240830-WA0024-8x12.jpg 8w, https:\/\/studiosukun.ca\/wp-content\/uploads\/2024\/09\/IMG-20240830-WA0024-630x984.jpg 630w\" sizes=\"(max-width: 1024px) 100vw, 1024px\" \/>\t\t\t\t\t\t\t\t\t\t\t\t\t\t\t\t\t\t\t\t\t\t\t\t\t\t<\/div>\n\t\t\t\t\t\t\t\t\t<\/div>\n\t\t\t\t\t\t\t\t<\/div>\n\t\t\t\t<\/div>\n\t\t\t\t\t<\/div>\n\t\t<\/div>\n\t\t\t\t<div class=\"elementor-column elementor-col-50 elementor-top-column elementor-element elementor-element-b249fef animated-slow elementor-invisible\" data-id=\"b249fef\" data-element_type=\"column\" data-e-type=\"column\" data-settings=\"{&quot;animation&quot;:&quot;fadeIn&quot;,&quot;animation_delay&quot;:300}\">\n\t\t\t<div class=\"elementor-widget-wrap elementor-element-populated\">\n\t\t\t\t\t\t<div class=\"elementor-element elementor-element-8d1810f elementor-widget elementor-widget-heading\" data-id=\"8d1810f\" data-element_type=\"widget\" data-e-type=\"widget\" data-widget_type=\"heading.default\">\n\t\t\t\t<div class=\"elementor-widget-container\">\n\t\t\t\t\t<h2 class=\"elementor-heading-title elementor-size-default\">Laura Zenker<\/h2>\t\t\t\t<\/div>\n\t\t\t\t<\/div>\n\t\t\t\t<div class=\"elementor-element elementor-element-caef97e elementor-widget elementor-widget-heading\" data-id=\"caef97e\" data-element_type=\"widget\" data-e-type=\"widget\" data-widget_type=\"heading.default\">\n\t\t\t\t<div class=\"elementor-widget-container\">\n\t\t\t\t\t<h6 class=\"elementor-heading-title elementor-size-default\">Yoga<\/h6>\t\t\t\t<\/div>\n\t\t\t\t<\/div>\n\t\t\t\t<div class=\"elementor-element elementor-element-78e5b87 elementor-widget elementor-widget-text-editor\" data-id=\"78e5b87\" data-element_type=\"widget\" data-e-type=\"widget\" data-widget_type=\"text-editor.default\">\n\t\t\t\t<div class=\"elementor-widget-container\">\n\t\t\t\t\t\t\t\t\t<p><span style=\"font-family: Gotu, Arial; font-size: 18px; font-style: normal; font-variant-ligatures: normal; font-variant-caps: normal; font-weight: 400; white-space-collapse: preserve; background-color: var( --e-global-color-vamtam_accent_8 ); color: var( --e-global-color-vamtam_accent_2 ); text-transform: var(--vamtam-primary-font-transform,none);\">Avec plus d'une d\u00e9cennie de pratique d\u00e9vou\u00e9e, le parcours de Laura en yoga a \u00e9t\u00e9 une voie de transformation, profond\u00e9ment ancr\u00e9e dans les riches traditions du Hatha et de l'Ashtanga. Form\u00e9e dans le c\u0153ur spirituel du yoga, Rishikesh, Laura apporte une grande richesse de connaissances et une connexion profonde \u00e0 la philosophie yogique. Son enseignement ne se limite pas aux postures physiques, mais adopte une approche holistique du bien-\u00eatre, visant \u00e0 harmoniser l' aspect mental, physique et spirituel de chaque pratiquant. Laura croit que le yoga est un voyage de d\u00e9couverte de soi et de transformation. Que vous soyez nouveau dans le yoga ou pratiquant exp\u00e9riment\u00e9, les cours de Laura offrent un espace pour explorer, grandir et se connecter \u00e0 tous les niveaux.<\/span><\/p>\t\t\t\t\t\t\t\t<\/div>\n\t\t\t\t<\/div>\n\t\t\t\t\t<\/div>\n\t\t<\/div>\n\t\t\t\t\t<\/div>\n\t\t<\/section>\n\t\t\t\t<section class=\"elementor-section elementor-top-section elementor-element elementor-element-8eafe07 elementor-section-content-middle animated-slow elementor-section-boxed elementor-section-height-default elementor-section-height-default wpr-particle-no wpr-jarallax-no wpr-parallax-no wpr-sticky-section-no wpr-equal-height-no elementor-invisible\" data-id=\"8eafe07\" data-element_type=\"section\" data-e-type=\"section\" data-settings=\"{&quot;animation&quot;:&quot;fadeIn&quot;,&quot;animation_delay&quot;:300}\">\n\t\t\t\t\t\t<div class=\"elementor-container elementor-column-gap-default\">\n\t\t\t\t\t<div class=\"elementor-column elementor-col-50 elementor-top-column elementor-element elementor-element-fba9912\" data-id=\"fba9912\" data-element_type=\"column\" data-e-type=\"column\">\n\t\t\t<div class=\"elementor-widget-wrap elementor-element-populated\">\n\t\t\t\t\t\t<div class=\"elementor-element elementor-element-7b90081 elementor-position-inline-start elementor-view-default elementor-mobile-position-block-start elementor-widget elementor-widget-icon-box\" data-id=\"7b90081\" data-element_type=\"widget\" data-e-type=\"widget\" data-widget_type=\"icon-box.default\">\n\t\t\t\t<div class=\"elementor-widget-container\">\n\t\t\t\t\t\t\t<div class=\"elementor-icon-box-wrapper\">\n\n\t\t\t\t\t\t<div class=\"elementor-icon-box-icon\">\n\t\t\t\t<a href=\"https:\/\/studiosukun.ca\/fr\/chelsea-abi-saab\/\" class=\"elementor-icon elementor-animation-grow\" tabindex=\"-1\" aria-label=\"Chelsea Abi-Saad\">\n\t\t\t\t<i aria-hidden=\"true\" class=\"vamtamtheme- vamtam-theme-arrow-left\"><\/i>\t\t\t\t<\/a>\n\t\t\t<\/div>\n\t\t\t\n\t\t\t\t\t\t<div class=\"elementor-icon-box-content\">\n\n\t\t\t\t\t\t\t\t\t<h3 class=\"elementor-icon-box-title\">\n\t\t\t\t\t\t<a href=\"https:\/\/studiosukun.ca\/fr\/chelsea-abi-saab\/\" >\n\t\t\t\t\t\t\tChelsea Abi-Saad\t\t\t\t\t\t<\/a>\n\t\t\t\t\t<\/h3>\n\t\t\t\t\n\t\t\t\t\n\t\t\t<\/div>\n\t\t\t\n\t\t<\/div>\n\t\t\t\t\t\t<\/div>\n\t\t\t\t<\/div>\n\t\t\t\t\t<\/div>\n\t\t<\/div>\n\t\t\t\t<div class=\"elementor-column elementor-col-50 elementor-top-column elementor-element elementor-element-db564cb\" data-id=\"db564cb\" data-element_type=\"column\" data-e-type=\"column\">\n\t\t\t<div class=\"elementor-widget-wrap elementor-element-populated\">\n\t\t\t\t\t\t<div class=\"elementor-element elementor-element-ecc4b49 elementor-position-inline-end elementor-view-default elementor-mobile-position-block-start elementor-widget elementor-widget-icon-box\" data-id=\"ecc4b49\" data-element_type=\"widget\" data-e-type=\"widget\" data-widget_type=\"icon-box.default\">\n\t\t\t\t<div class=\"elementor-widget-container\">\n\t\t\t\t\t\t\t<div class=\"elementor-icon-box-wrapper\">\n\n\t\t\t\t\t\t<div class=\"elementor-icon-box-icon\">\n\t\t\t\t<a href=\"https:\/\/studiosukun.ca\/fr\/salome-Marques\/\" class=\"elementor-icon elementor-animation-grow\" tabindex=\"-1\" aria-label=\"Salom\u00e9 Marques\">\n\t\t\t\t<i aria-hidden=\"true\" class=\"vamtamtheme- vamtam-theme-arrow-right\"><\/i>\t\t\t\t<\/a>\n\t\t\t<\/div>\n\t\t\t\n\t\t\t\t\t\t<div class=\"elementor-icon-box-content\">\n\n\t\t\t\t\t\t\t\t\t<h3 class=\"elementor-icon-box-title\">\n\t\t\t\t\t\t<a href=\"https:\/\/studiosukun.ca\/fr\/salome-Marques\/\" >\n\t\t\t\t\t\t\tSalom\u00e9 Marques\t\t\t\t\t\t<\/a>\n\t\t\t\t\t<\/h3>\n\t\t\t\t\n\t\t\t\t\n\t\t\t<\/div>\n\t\t\t\n\t\t<\/div>\n\t\t\t\t\t\t<\/div>\n\t\t\t\t<\/div>\n\t\t\t\t\t<\/div>\n\t\t<\/div>\n\t\t\t\t\t<\/div>\n\t\t<\/section>\n\t\t\t\t<\/div>","protected":false},"excerpt":{"rendered":"<p>Instructors Laura Zenker Yoga With over a decade of dedicated practice, Laura&#8217;s journey in yoga has been a transformative path, rooted deeply in the rich, traditions of Hatha and Ashtanga. Trained in the spiritual heart of yoga, Rishikesh, Laura brings a wealth of knowledge and a profound connection to yogic philosophy. Her teaching is not just about physical postures but is a holistic approach to well-being, aiming to harmonize the mental, physical and physical, and spiritual aspects of each practitioner. Laura believes that yoga is a journey of self-discovery and transformation. Whether you are new to yoga or a seasoned practitioner, Laura&#8217;s classes offer a space to explore, grow and connect on all levels. Chelsea Abi-Saad Salom\u00e9 Marques<\/p>","protected":false},"author":3,"featured_media":991325,"parent":0,"menu_order":0,"comment_status":"closed","ping_status":"closed","template":"","meta":{"footnotes":""},"class_list":["post-991347","page","type-page","status-publish","has-post-thumbnail","hentry"],"aioseo_notices":[],"_links":{"self":[{"href":"https:\/\/studiosukun.ca\/fr\/wp-json\/wp\/v2\/pages\/991347","targetHints":{"allow":["GET"]}}],"collection":[{"href":"https:\/\/studiosukun.ca\/fr\/wp-json\/wp\/v2\/pages"}],"about":[{"href":"https:\/\/studiosukun.ca\/fr\/wp-json\/wp\/v2\/types\/page"}],"author":[{"embeddable":true,"href":"https:\/\/studiosukun.ca\/fr\/wp-json\/wp\/v2\/users\/3"}],"replies":[{"embeddable":true,"href":"https:\/\/studiosukun.ca\/fr\/wp-json\/wp\/v2\/comments?post=991347"}],"version-history":[{"count":16,"href":"https:\/\/studiosukun.ca\/fr\/wp-json\/wp\/v2\/pages\/991347\/revisions"}],"predecessor-version":[{"id":991419,"href":"https:\/\/studiosukun.ca\/fr\/wp-json\/wp\/v2\/pages\/991347\/revisions\/991419"}],"wp:featuredmedia":[{"embeddable":true,"href":"https:\/\/studiosukun.ca\/fr\/wp-json\/wp\/v2\/media\/991325"}],"wp:attachment":[{"href":"https:\/\/studiosukun.ca\/fr\/wp-json\/wp\/v2\/media?parent=991347"}],"curies":[{"name":"wp","href":"https:\/\/api.w.org\/{rel}","templated":true}]}}