{"id":988771,"date":"2023-08-17T10:59:01","date_gmt":"2023-08-17T10:59:01","guid":{"rendered":"https:\/\/studiosukun.ca\/?page_id=988771"},"modified":"2023-09-12T21:33:20","modified_gmt":"2023-09-12T21:33:20","slug":"joelle-akl","status":"publish","type":"page","link":"https:\/\/studiosukun.ca\/fr\/joelle-akl\/","title":{"rendered":"Joelle Akl"},"content":{"rendered":"<div data-elementor-type=\"wp-page\" data-elementor-id=\"988771\" class=\"elementor elementor-988771\" data-elementor-post-type=\"page\">\n\t\t\t\t\t\t<section class=\"elementor-section elementor-top-section elementor-element elementor-element-edf2cfb elementor-section-boxed elementor-section-height-default elementor-section-height-default wpr-particle-no wpr-jarallax-no wpr-parallax-no wpr-sticky-section-no wpr-equal-height-no\" data-id=\"edf2cfb\" data-element_type=\"section\" data-e-type=\"section\">\n\t\t\t\t\t\t<div class=\"elementor-container elementor-column-gap-no\">\n\t\t\t\t\t<div class=\"elementor-column elementor-col-100 elementor-top-column elementor-element elementor-element-ec8f0ac\" data-id=\"ec8f0ac\" data-element_type=\"column\" data-e-type=\"column\">\n\t\t\t<div class=\"elementor-widget-wrap elementor-element-populated\">\n\t\t\t\t\t\t<div class=\"elementor-element elementor-element-0c5cebb elementor-invisible elementor-widget elementor-widget-heading\" data-id=\"0c5cebb\" data-element_type=\"widget\" data-e-type=\"widget\" data-settings=\"{&quot;_animation&quot;:&quot;fadeIn&quot;,&quot;_animation_tablet&quot;:&quot;none&quot;,&quot;_animation_mobile&quot;:&quot;none&quot;}\" data-widget_type=\"heading.default\">\n\t\t\t\t<div class=\"elementor-widget-container\">\n\t\t\t\t\t<h1 class=\"elementor-heading-title elementor-size-default\">Co-Fondatrice<\/h1>\t\t\t\t<\/div>\n\t\t\t\t<\/div>\n\t\t\t\t\t<\/div>\n\t\t<\/div>\n\t\t\t\t\t<\/div>\n\t\t<\/section>\n\t\t\t\t<section class=\"elementor-section elementor-top-section elementor-element elementor-element-26c4e1d elementor-section-boxed elementor-section-height-default elementor-section-height-default wpr-particle-no wpr-jarallax-no wpr-parallax-no wpr-sticky-section-no wpr-equal-height-no\" data-id=\"26c4e1d\" data-element_type=\"section\" data-e-type=\"section\">\n\t\t\t\t\t\t<div class=\"elementor-container elementor-column-gap-no\">\n\t\t\t\t\t<div class=\"elementor-column elementor-col-50 elementor-top-column elementor-element elementor-element-6405f70\" data-id=\"6405f70\" data-element_type=\"column\" data-e-type=\"column\">\n\t\t\t<div class=\"elementor-widget-wrap elementor-element-populated\">\n\t\t\t\t\t\t<div class=\"vamtam-has-theme-widget-styles elementor-element elementor-element-2503aac elementor-invisible elementor-widget elementor-widget-image\" data-id=\"2503aac\" data-element_type=\"widget\" data-e-type=\"widget\" data-settings=\"{&quot;_animation&quot;:&quot;imageGrowWithScaleLeft&quot;,&quot;_animation_tablet&quot;:&quot;none&quot;,&quot;_animation_mobile&quot;:&quot;none&quot;}\" data-widget_type=\"image.default\">\n\t\t\t\t<div class=\"elementor-widget-container\">\n\t\t\t\t\t\t\t\t\t<div class=\"elementor-image\">\n\t\t\t\t\t\t\t\t\t\t\t<div class=\"vamtam-image-wrapper\">\n\t\t\t\t\t\t\t\t\t\t\t\t\t\t\t\t\t\t\t\t\t<img fetchpriority=\"high\" decoding=\"async\" width=\"1918\" height=\"2334\" src=\"https:\/\/studiosukun.ca\/wp-content\/uploads\/2023\/09\/IMG_4824-scaled-e1694554342899.jpg\" class=\"attachment-full size-full wp-image-990188\" alt=\"\" srcset=\"https:\/\/studiosukun.ca\/wp-content\/uploads\/2023\/09\/IMG_4824-scaled-e1694554342899.jpg 1918w, https:\/\/studiosukun.ca\/wp-content\/uploads\/2023\/09\/IMG_4824-scaled-e1694554342899-247x300.jpg 247w, https:\/\/studiosukun.ca\/wp-content\/uploads\/2023\/09\/IMG_4824-scaled-e1694554342899-841x1024.jpg 841w, https:\/\/studiosukun.ca\/wp-content\/uploads\/2023\/09\/IMG_4824-scaled-e1694554342899-768x935.jpg 768w, https:\/\/studiosukun.ca\/wp-content\/uploads\/2023\/09\/IMG_4824-scaled-e1694554342899-1262x1536.jpg 1262w, https:\/\/studiosukun.ca\/wp-content\/uploads\/2023\/09\/IMG_4824-scaled-e1694554342899-1683x2048.jpg 1683w, https:\/\/studiosukun.ca\/wp-content\/uploads\/2023\/09\/IMG_4824-scaled-e1694554342899-10x12.jpg 10w, https:\/\/studiosukun.ca\/wp-content\/uploads\/2023\/09\/IMG_4824-scaled-e1694554342899-1260x1533.jpg 1260w, https:\/\/studiosukun.ca\/wp-content\/uploads\/2023\/09\/IMG_4824-scaled-e1694554342899-630x767.jpg 630w\" sizes=\"(max-width: 1918px) 100vw, 1918px\" \/>\t\t\t\t\t\t\t\t\t\t\t\t\t\t\t\t\t\t\t\t\t\t\t\t\t\t<\/div>\n\t\t\t\t\t\t\t\t\t<\/div>\n\t\t\t\t\t\t\t\t<\/div>\n\t\t\t\t<\/div>\n\t\t\t\t\t<\/div>\n\t\t<\/div>\n\t\t\t\t<div class=\"elementor-column elementor-col-50 elementor-top-column elementor-element elementor-element-a937c3d animated-slow elementor-invisible\" data-id=\"a937c3d\" data-element_type=\"column\" data-e-type=\"column\" data-settings=\"{&quot;animation&quot;:&quot;fadeIn&quot;,&quot;animation_delay&quot;:300}\">\n\t\t\t<div class=\"elementor-widget-wrap elementor-element-populated\">\n\t\t\t\t\t\t<div class=\"elementor-element elementor-element-2a37ff4 elementor-widget elementor-widget-heading\" data-id=\"2a37ff4\" data-element_type=\"widget\" data-e-type=\"widget\" data-widget_type=\"heading.default\">\n\t\t\t\t<div class=\"elementor-widget-container\">\n\t\t\t\t\t<h2 class=\"elementor-heading-title elementor-size-default\">Joelle Akl<\/h2>\t\t\t\t<\/div>\n\t\t\t\t<\/div>\n\t\t\t\t<div class=\"elementor-element elementor-element-5f8a29b elementor-widget elementor-widget-heading\" data-id=\"5f8a29b\" data-element_type=\"widget\" data-e-type=\"widget\" data-widget_type=\"heading.default\">\n\t\t\t\t<div class=\"elementor-widget-container\">\n\t\t\t\t\t<h6 class=\"elementor-heading-title elementor-size-default\">A\u00e9rien \u2022 Yoga<\/h6>\t\t\t\t<\/div>\n\t\t\t\t<\/div>\n\t\t\t\t<div class=\"elementor-element elementor-element-16e0a2c elementor-widget elementor-widget-text-editor\" data-id=\"16e0a2c\" data-element_type=\"widget\" data-e-type=\"widget\" data-widget_type=\"text-editor.default\">\n\t\t\t\t<div class=\"elementor-widget-container\">\n\t\t\t\t\t\t\t\t\t<p>Joelle poss\u00e8de plus de 5 ans d'exp\u00e9rience en tant que propri\u00e9taire et gestionnaire d'un studio de yoga, plus de 10 ans d'exp\u00e9rience en tant qu'enseignante de yoga et de yoga a\u00e9rien. Elle a ouvert l'un des premiers studios de yoga \u00e0 Beyrouth en 2015 apr\u00e8s avoir suivi une formation certifi\u00e9e de plus de 500 heures agr\u00e9e par Yoga Alliance.<\/p><p>En 2017, elle a obtenu le titre d'\u00e9cole de yoga et a \u00e9t\u00e9 certifi\u00e9e pour former des \u00e9tudiants \u00e0 devenir des professeurs de yoga. Elle a anim\u00e9 plus d'une douzaine d'ateliers et de retraites au Liban et \u00e0 l'\u00e9tranger, et elle a accueilli 2 formations internationales de yoga et de nombreux ateliers anim\u00e9s par des professeurs internationaux dans son studio. Elle enseigne le yoga depuis plus de 10 ans et a dispens\u00e9 plus de 3 000 heures de cours \u00e0 plus de 300 \u00e9tudiants.<\/p>\t\t\t\t\t\t\t\t<\/div>\n\t\t\t\t<\/div>\n\t\t\t\t\t<\/div>\n\t\t<\/div>\n\t\t\t\t\t<\/div>\n\t\t<\/section>\n\t\t\t\t<section class=\"elementor-section elementor-top-section elementor-element elementor-element-01aec16 elementor-section-content-middle animated-slow elementor-section-boxed elementor-section-height-default elementor-section-height-default wpr-particle-no wpr-jarallax-no wpr-parallax-no wpr-sticky-section-no wpr-equal-height-no elementor-invisible\" data-id=\"01aec16\" data-element_type=\"section\" data-e-type=\"section\" data-settings=\"{&quot;animation&quot;:&quot;fadeIn&quot;,&quot;animation_delay&quot;:300}\">\n\t\t\t\t\t\t<div class=\"elementor-container elementor-column-gap-default\">\n\t\t\t\t\t<div class=\"elementor-column elementor-col-100 elementor-top-column elementor-element elementor-element-29c048d\" data-id=\"29c048d\" data-element_type=\"column\" data-e-type=\"column\">\n\t\t\t<div class=\"elementor-widget-wrap elementor-element-populated\">\n\t\t\t\t\t\t<div class=\"elementor-element elementor-element-1a7e35d elementor-position-inline-end elementor-view-default elementor-mobile-position-block-start elementor-widget elementor-widget-icon-box\" data-id=\"1a7e35d\" data-element_type=\"widget\" data-e-type=\"widget\" data-widget_type=\"icon-box.default\">\n\t\t\t\t<div class=\"elementor-widget-container\">\n\t\t\t\t\t\t\t<div class=\"elementor-icon-box-wrapper\">\n\n\t\t\t\t\t\t<div class=\"elementor-icon-box-icon\">\n\t\t\t\t<a href=\"https:\/\/studiosukun.ca\/fr\/lea-debal\/\" class=\"elementor-icon elementor-animation-grow\" tabindex=\"-1\" aria-label=\"Lea Debal\">\n\t\t\t\t<i aria-hidden=\"true\" class=\"vamtamtheme- vamtam-theme-arrow-right\"><\/i>\t\t\t\t<\/a>\n\t\t\t<\/div>\n\t\t\t\n\t\t\t\t\t\t<div class=\"elementor-icon-box-content\">\n\n\t\t\t\t\t\t\t\t\t<h3 class=\"elementor-icon-box-title\">\n\t\t\t\t\t\t<a href=\"https:\/\/studiosukun.ca\/fr\/lea-debal\/\" >\n\t\t\t\t\t\t\tLea Debal\t\t\t\t\t\t<\/a>\n\t\t\t\t\t<\/h3>\n\t\t\t\t\n\t\t\t\t\n\t\t\t<\/div>\n\t\t\t\n\t\t<\/div>\n\t\t\t\t\t\t<\/div>\n\t\t\t\t<\/div>\n\t\t\t\t\t<\/div>\n\t\t<\/div>\n\t\t\t\t\t<\/div>\n\t\t<\/section>\n\t\t\t\t<\/div>","protected":false},"excerpt":{"rendered":"<p>Co-Founder Joelle Akl Aerial \u2022 Yoga\u200b Joelle has more than 5 years experience owning and managing a yoga studio, over 10 years experience teaching yoga, and aerial Yoga. She opened one of the earliest Yoga studios in Beirut in 2015 after completing more than 500 hours of training certified by Yoga Alliance. In 2017, she obtained the title of Yoga school and was certified to train students to become Yoga teachers. She has led more than dozens of workshops and retreats in Lebanon and abroad and she hosted 2 international Yoga trainings and many workshops by international teachers in her studio. She has been teaching Yoga for over 10 years and has taught more than 3,000 hours and 300 students. Lea Debal<\/p>","protected":false},"author":3,"featured_media":0,"parent":0,"menu_order":0,"comment_status":"closed","ping_status":"closed","template":"","meta":{"footnotes":""},"class_list":["post-988771","page","type-page","status-publish","hentry"],"aioseo_notices":[],"_links":{"self":[{"href":"https:\/\/studiosukun.ca\/fr\/wp-json\/wp\/v2\/pages\/988771","targetHints":{"allow":["GET"]}}],"collection":[{"href":"https:\/\/studiosukun.ca\/fr\/wp-json\/wp\/v2\/pages"}],"about":[{"href":"https:\/\/studiosukun.ca\/fr\/wp-json\/wp\/v2\/types\/page"}],"author":[{"embeddable":true,"href":"https:\/\/studiosukun.ca\/fr\/wp-json\/wp\/v2\/users\/3"}],"replies":[{"embeddable":true,"href":"https:\/\/studiosukun.ca\/fr\/wp-json\/wp\/v2\/comments?post=988771"}],"version-history":[{"count":22,"href":"https:\/\/studiosukun.ca\/fr\/wp-json\/wp\/v2\/pages\/988771\/revisions"}],"predecessor-version":[{"id":990260,"href":"https:\/\/studiosukun.ca\/fr\/wp-json\/wp\/v2\/pages\/988771\/revisions\/990260"}],"wp:attachment":[{"href":"https:\/\/studiosukun.ca\/fr\/wp-json\/wp\/v2\/media?parent=988771"}],"curies":[{"name":"wp","href":"https:\/\/api.w.org\/{rel}","templated":true}]}}