{"id":988748,"date":"2023-08-15T16:55:17","date_gmt":"2023-08-15T16:55:17","guid":{"rendered":"https:\/\/studiosukun.ca\/?page_id=988748"},"modified":"2023-09-12T21:39:31","modified_gmt":"2023-09-12T21:39:31","slug":"nicolas-couto","status":"publish","type":"page","link":"https:\/\/studiosukun.ca\/fr\/nicolas-couto\/","title":{"rendered":"Nicolas Couto"},"content":{"rendered":"<div data-elementor-type=\"wp-page\" data-elementor-id=\"988748\" class=\"elementor elementor-988748\" data-elementor-post-type=\"page\">\n\t\t\t\t\t\t<section class=\"elementor-section elementor-top-section elementor-element elementor-element-35307d3 elementor-section-boxed elementor-section-height-default elementor-section-height-default wpr-particle-no wpr-jarallax-no wpr-parallax-no wpr-sticky-section-no wpr-equal-height-no\" data-id=\"35307d3\" data-element_type=\"section\" data-e-type=\"section\">\n\t\t\t\t\t\t<div class=\"elementor-container elementor-column-gap-no\">\n\t\t\t\t\t<div class=\"elementor-column elementor-col-100 elementor-top-column elementor-element elementor-element-dc54dcf\" data-id=\"dc54dcf\" data-element_type=\"column\" data-e-type=\"column\">\n\t\t\t<div class=\"elementor-widget-wrap elementor-element-populated\">\n\t\t\t\t\t\t<div class=\"elementor-element elementor-element-3b6f9fa elementor-invisible elementor-widget elementor-widget-heading\" data-id=\"3b6f9fa\" data-element_type=\"widget\" data-e-type=\"widget\" data-settings=\"{&quot;_animation&quot;:&quot;fadeIn&quot;,&quot;_animation_tablet&quot;:&quot;none&quot;,&quot;_animation_mobile&quot;:&quot;none&quot;}\" data-widget_type=\"heading.default\">\n\t\t\t\t<div class=\"elementor-widget-container\">\n\t\t\t\t\t<h1 class=\"elementor-heading-title elementor-size-default\">Th\u00e9rapeutes<\/h1>\t\t\t\t<\/div>\n\t\t\t\t<\/div>\n\t\t\t\t\t<\/div>\n\t\t<\/div>\n\t\t\t\t\t<\/div>\n\t\t<\/section>\n\t\t\t\t<section class=\"elementor-section elementor-top-section elementor-element elementor-element-93e2e1f elementor-section-boxed elementor-section-height-default elementor-section-height-default wpr-particle-no wpr-jarallax-no wpr-parallax-no wpr-sticky-section-no wpr-equal-height-no\" data-id=\"93e2e1f\" data-element_type=\"section\" data-e-type=\"section\">\n\t\t\t\t\t\t<div class=\"elementor-container elementor-column-gap-no\">\n\t\t\t\t\t<div class=\"elementor-column elementor-col-50 elementor-top-column elementor-element elementor-element-197f65b\" data-id=\"197f65b\" data-element_type=\"column\" data-e-type=\"column\">\n\t\t\t<div class=\"elementor-widget-wrap elementor-element-populated\">\n\t\t\t\t\t\t<div class=\"vamtam-has-theme-widget-styles elementor-element elementor-element-f2cb00f elementor-invisible elementor-widget elementor-widget-image\" data-id=\"f2cb00f\" data-element_type=\"widget\" data-e-type=\"widget\" data-settings=\"{&quot;_animation&quot;:&quot;imageGrowWithScaleLeft&quot;,&quot;_animation_tablet&quot;:&quot;none&quot;,&quot;_animation_mobile&quot;:&quot;none&quot;}\" data-widget_type=\"image.default\">\n\t\t\t\t<div class=\"elementor-widget-container\">\n\t\t\t\t\t\t\t\t\t<div class=\"elementor-image\">\n\t\t\t\t\t\t\t\t\t\t\t<div class=\"vamtam-image-wrapper\">\n\t\t\t\t\t\t\t\t\t\t\t\t\t\t\t\t\t\t\t\t\t<img fetchpriority=\"high\" decoding=\"async\" width=\"749\" height=\"749\" src=\"https:\/\/studiosukun.ca\/wp-content\/uploads\/2023\/08\/Headshot-2.jpg\" class=\"attachment-full size-full wp-image-988714\" alt=\"\" srcset=\"https:\/\/studiosukun.ca\/wp-content\/uploads\/2023\/08\/Headshot-2.jpg 749w, https:\/\/studiosukun.ca\/wp-content\/uploads\/2023\/08\/Headshot-2-300x300.jpg 300w, https:\/\/studiosukun.ca\/wp-content\/uploads\/2023\/08\/Headshot-2-150x150.jpg 150w, https:\/\/studiosukun.ca\/wp-content\/uploads\/2023\/08\/Headshot-2-12x12.jpg 12w, https:\/\/studiosukun.ca\/wp-content\/uploads\/2023\/08\/Headshot-2-630x630.jpg 630w, https:\/\/studiosukun.ca\/wp-content\/uploads\/2023\/08\/Headshot-2-315x315.jpg 315w\" sizes=\"(max-width: 749px) 100vw, 749px\" \/>\t\t\t\t\t\t\t\t\t\t\t\t\t\t\t\t\t\t\t\t\t\t\t\t\t\t<\/div>\n\t\t\t\t\t\t\t\t\t<\/div>\n\t\t\t\t\t\t\t\t<\/div>\n\t\t\t\t<\/div>\n\t\t\t\t\t<\/div>\n\t\t<\/div>\n\t\t\t\t<div class=\"elementor-column elementor-col-50 elementor-top-column elementor-element elementor-element-515d097 animated-slow elementor-invisible\" data-id=\"515d097\" data-element_type=\"column\" data-e-type=\"column\" data-settings=\"{&quot;animation&quot;:&quot;fadeIn&quot;,&quot;animation_delay&quot;:300}\">\n\t\t\t<div class=\"elementor-widget-wrap elementor-element-populated\">\n\t\t\t\t\t\t<div class=\"elementor-element elementor-element-491e37d elementor-widget elementor-widget-heading\" data-id=\"491e37d\" data-element_type=\"widget\" data-e-type=\"widget\" data-widget_type=\"heading.default\">\n\t\t\t\t<div class=\"elementor-widget-container\">\n\t\t\t\t\t<h2 class=\"elementor-heading-title elementor-size-default\">Nicolas Couto<\/h2>\t\t\t\t<\/div>\n\t\t\t\t<\/div>\n\t\t\t\t<div class=\"elementor-element elementor-element-66c626f elementor-widget elementor-widget-heading\" data-id=\"66c626f\" data-element_type=\"widget\" data-e-type=\"widget\" data-widget_type=\"heading.default\">\n\t\t\t\t<div class=\"elementor-widget-container\">\n\t\t\t\t\t<h6 class=\"elementor-heading-title elementor-size-default\">Massage Tha\u00eflandais<\/h6>\t\t\t\t<\/div>\n\t\t\t\t<\/div>\n\t\t\t\t<div class=\"elementor-element elementor-element-6b5f8e8 elementor-widget elementor-widget-text-editor\" data-id=\"6b5f8e8\" data-element_type=\"widget\" data-e-type=\"widget\" data-widget_type=\"text-editor.default\">\n\t\t\t\t<div class=\"elementor-widget-container\">\n\t\t\t\t\t\t\t\t\t<p>Ayant \u00e9t\u00e9 actif depuis son plus jeune \u00e2ge, c'est seulement \u00e0 l'\u00e2ge adulte que Nico a d\u00e9velopp\u00e9 un v\u00e9ritable int\u00e9r\u00eat pour la m\u00e9canique du corps humain et le mouvement, plongeant ainsi dans les mondes du yoga, des arts martiaux, de la danse et du mouvement naturel. Il a \u00e9galement travaill\u00e9 pendant plus de dix ans dans la facilitation de groupes, l'\u00e9ducation en plein air et la coop\u00e9ration internationale avec des personnes de tout \u00e2ge et horizons. Il est probable que son amour pour travailler en connexion avec les autres et pour am\u00e9liorer le bien-\u00eatre physique l'ait conduit \u00e0 obtenir un dipl\u00f4me en massoth\u00e9rapie \u00e0 Montr\u00e9al. Depuis, il a voyag\u00e9 et \u00e9tudi\u00e9 en Tha\u00eflande et suivi des cours de Dynamic Thai Massage et d'OsteoThai, ce qui a grandement influenc\u00e9 sa pratique.<\/p><p>La philosophie de Nico lorsqu'il pratique le massage est d'apporter une attention et un toucher doux afin d'aller en profondeur et de guider la personne mass\u00e9e vers une relaxation consciente, lui permettant ainsi de retrouver plus de contr\u00f4le et de mobilit\u00e9 dans son corps. Il entre dans les \u00e9tirements progressivement, pr\u00e9pare les muscles avant un travail en profondeur et \u00e9coute les besoins de chaque client. Les techniques dynamiques aident \u00e0 lubrifier les articulations et \u00e0 procurer la sensation de l\u00e9g\u00e8ret\u00e9 et de bien-\u00eatre que l'on peut ressentir apr\u00e8s un massage tha\u00eflandais.<\/p>\t\t\t\t\t\t\t\t<\/div>\n\t\t\t\t<\/div>\n\t\t\t\t\t<\/div>\n\t\t<\/div>\n\t\t\t\t\t<\/div>\n\t\t<\/section>\n\t\t\t\t<section class=\"elementor-section elementor-top-section elementor-element elementor-element-de56562 elementor-section-content-middle animated-slow elementor-section-boxed elementor-section-height-default elementor-section-height-default wpr-particle-no wpr-jarallax-no wpr-parallax-no wpr-sticky-section-no wpr-equal-height-no elementor-invisible\" data-id=\"de56562\" data-element_type=\"section\" data-e-type=\"section\" data-settings=\"{&quot;animation&quot;:&quot;fadeIn&quot;,&quot;animation_delay&quot;:300}\">\n\t\t\t\t\t\t<div class=\"elementor-container elementor-column-gap-default\">\n\t\t\t\t\t<div class=\"elementor-column elementor-col-100 elementor-top-column elementor-element elementor-element-53a054f\" data-id=\"53a054f\" data-element_type=\"column\" data-e-type=\"column\">\n\t\t\t<div class=\"elementor-widget-wrap elementor-element-populated\">\n\t\t\t\t\t\t<div class=\"elementor-element elementor-element-281bd34 elementor-position-inline-start elementor-view-default elementor-mobile-position-block-start elementor-widget elementor-widget-icon-box\" data-id=\"281bd34\" data-element_type=\"widget\" data-e-type=\"widget\" data-widget_type=\"icon-box.default\">\n\t\t\t\t<div class=\"elementor-widget-container\">\n\t\t\t\t\t\t\t<div class=\"elementor-icon-box-wrapper\">\n\n\t\t\t\t\t\t<div class=\"elementor-icon-box-icon\">\n\t\t\t\t<a href=\"https:\/\/studiosukun.ca\/fr\/leslie-angeles\/\" class=\"elementor-icon elementor-animation-grow\" tabindex=\"-1\" aria-label=\"Leslie Angeles\">\n\t\t\t\t<i aria-hidden=\"true\" class=\"vamtamtheme- vamtam-theme-arrow-left\"><\/i>\t\t\t\t<\/a>\n\t\t\t<\/div>\n\t\t\t\n\t\t\t\t\t\t<div class=\"elementor-icon-box-content\">\n\n\t\t\t\t\t\t\t\t\t<h3 class=\"elementor-icon-box-title\">\n\t\t\t\t\t\t<a href=\"https:\/\/studiosukun.ca\/fr\/leslie-angeles\/\" >\n\t\t\t\t\t\t\tLeslie Angeles\t\t\t\t\t\t<\/a>\n\t\t\t\t\t<\/h3>\n\t\t\t\t\n\t\t\t\t\n\t\t\t<\/div>\n\t\t\t\n\t\t<\/div>\n\t\t\t\t\t\t<\/div>\n\t\t\t\t<\/div>\n\t\t\t\t\t<\/div>\n\t\t<\/div>\n\t\t\t\t\t<\/div>\n\t\t<\/section>\n\t\t\t\t<\/div>","protected":false},"excerpt":{"rendered":"<p>Therapists Nicolas Couto Thai Massage Having been active since a young age, it is only as an adult that Nico became truly interested in human body mechanics and movement and delved into the worlds of yoga, martial arts, dance and natural movement. He also worked for over ten years in group facilitation, outdoor education and international cooperation with people of all ages and backgrounds. It is likely his love for working in connection with others and for improving physical well-being led Nico to complete a diploma in massage therapy in Montreal. He has since traveled and studied in Thailand and taken courses in Dynamic Thai Massage and OsteoThai, all of which has greatly influenced his practice. Nico&#8217;s philosophy when massaging is to bring attention and soft touch in order to go deeper and to guide the receiver into aware relaxation so that they can find more control and mobility in their body. He enters into stretches slowly, warms up muscles before deep work and listens to the needs of each client. The dynamic techniques help to lubricate the joints and bring the sensation of lightness and well-being that can be experienced after a Thai massage. Leslie Angeles<\/p>","protected":false},"author":3,"featured_media":0,"parent":0,"menu_order":0,"comment_status":"closed","ping_status":"closed","template":"","meta":{"footnotes":""},"class_list":["post-988748","page","type-page","status-publish","hentry"],"aioseo_notices":[],"_links":{"self":[{"href":"https:\/\/studiosukun.ca\/fr\/wp-json\/wp\/v2\/pages\/988748","targetHints":{"allow":["GET"]}}],"collection":[{"href":"https:\/\/studiosukun.ca\/fr\/wp-json\/wp\/v2\/pages"}],"about":[{"href":"https:\/\/studiosukun.ca\/fr\/wp-json\/wp\/v2\/types\/page"}],"author":[{"embeddable":true,"href":"https:\/\/studiosukun.ca\/fr\/wp-json\/wp\/v2\/users\/3"}],"replies":[{"embeddable":true,"href":"https:\/\/studiosukun.ca\/fr\/wp-json\/wp\/v2\/comments?post=988748"}],"version-history":[{"count":13,"href":"https:\/\/studiosukun.ca\/fr\/wp-json\/wp\/v2\/pages\/988748\/revisions"}],"predecessor-version":[{"id":990284,"href":"https:\/\/studiosukun.ca\/fr\/wp-json\/wp\/v2\/pages\/988748\/revisions\/990284"}],"wp:attachment":[{"href":"https:\/\/studiosukun.ca\/fr\/wp-json\/wp\/v2\/media?parent=988748"}],"curies":[{"name":"wp","href":"https:\/\/api.w.org\/{rel}","templated":true}]}}