{"id":988742,"date":"2023-08-15T16:51:20","date_gmt":"2023-08-15T16:51:20","guid":{"rendered":"https:\/\/studiosukun.ca\/?page_id=988742"},"modified":"2023-09-12T21:39:01","modified_gmt":"2023-09-12T21:39:01","slug":"leslie-angeles","status":"publish","type":"page","link":"https:\/\/studiosukun.ca\/fr\/leslie-angeles\/","title":{"rendered":"Leslie Angeles"},"content":{"rendered":"<div data-elementor-type=\"wp-page\" data-elementor-id=\"988742\" class=\"elementor elementor-988742\" data-elementor-post-type=\"page\">\n\t\t\t\t\t\t<section class=\"elementor-section elementor-top-section elementor-element elementor-element-d599fc1 elementor-section-boxed elementor-section-height-default elementor-section-height-default wpr-particle-no wpr-jarallax-no wpr-parallax-no wpr-sticky-section-no wpr-equal-height-no\" data-id=\"d599fc1\" data-element_type=\"section\" data-e-type=\"section\">\n\t\t\t\t\t\t<div class=\"elementor-container elementor-column-gap-no\">\n\t\t\t\t\t<div class=\"elementor-column elementor-col-100 elementor-top-column elementor-element elementor-element-67c8a2d\" data-id=\"67c8a2d\" data-element_type=\"column\" data-e-type=\"column\">\n\t\t\t<div class=\"elementor-widget-wrap elementor-element-populated\">\n\t\t\t\t\t\t<div class=\"elementor-element elementor-element-76f56b8 elementor-invisible elementor-widget elementor-widget-heading\" data-id=\"76f56b8\" data-element_type=\"widget\" data-e-type=\"widget\" data-settings=\"{&quot;_animation&quot;:&quot;fadeIn&quot;,&quot;_animation_tablet&quot;:&quot;none&quot;,&quot;_animation_mobile&quot;:&quot;none&quot;}\" data-widget_type=\"heading.default\">\n\t\t\t\t<div class=\"elementor-widget-container\">\n\t\t\t\t\t<h1 class=\"elementor-heading-title elementor-size-default\">Th\u00e9rapeutes<\/h1>\t\t\t\t<\/div>\n\t\t\t\t<\/div>\n\t\t\t\t\t<\/div>\n\t\t<\/div>\n\t\t\t\t\t<\/div>\n\t\t<\/section>\n\t\t\t\t<section class=\"elementor-section elementor-top-section elementor-element elementor-element-749e4f6 elementor-section-boxed elementor-section-height-default elementor-section-height-default wpr-particle-no wpr-jarallax-no wpr-parallax-no wpr-sticky-section-no wpr-equal-height-no\" data-id=\"749e4f6\" data-element_type=\"section\" data-e-type=\"section\">\n\t\t\t\t\t\t<div class=\"elementor-container elementor-column-gap-no\">\n\t\t\t\t\t<div class=\"elementor-column elementor-col-50 elementor-top-column elementor-element elementor-element-63fc9b4\" data-id=\"63fc9b4\" data-element_type=\"column\" data-e-type=\"column\">\n\t\t\t<div class=\"elementor-widget-wrap elementor-element-populated\">\n\t\t\t\t\t\t<div class=\"vamtam-has-theme-widget-styles elementor-element elementor-element-f32f1dc elementor-invisible elementor-widget elementor-widget-image\" data-id=\"f32f1dc\" data-element_type=\"widget\" data-e-type=\"widget\" data-settings=\"{&quot;_animation&quot;:&quot;imageGrowWithScaleLeft&quot;,&quot;_animation_tablet&quot;:&quot;none&quot;,&quot;_animation_mobile&quot;:&quot;none&quot;}\" data-widget_type=\"image.default\">\n\t\t\t\t<div class=\"elementor-widget-container\">\n\t\t\t\t\t\t\t\t\t<div class=\"elementor-image\">\n\t\t\t\t\t\t\t\t\t\t\t<div class=\"vamtam-image-wrapper\">\n\t\t\t\t\t\t\t\t\t\t\t\t\t\t\t\t\t\t\t\t\t<img fetchpriority=\"high\" decoding=\"async\" width=\"1707\" height=\"2560\" src=\"https:\/\/studiosukun.ca\/wp-content\/uploads\/2023\/08\/PORTRAITS_LINKEDIN_2017_22_9062-scaled.jpg\" class=\"attachment-full size-full wp-image-988709\" alt=\"\" srcset=\"https:\/\/studiosukun.ca\/wp-content\/uploads\/2023\/08\/PORTRAITS_LINKEDIN_2017_22_9062-scaled.jpg 1707w, https:\/\/studiosukun.ca\/wp-content\/uploads\/2023\/08\/PORTRAITS_LINKEDIN_2017_22_9062-200x300.jpg 200w, https:\/\/studiosukun.ca\/wp-content\/uploads\/2023\/08\/PORTRAITS_LINKEDIN_2017_22_9062-683x1024.jpg 683w, https:\/\/studiosukun.ca\/wp-content\/uploads\/2023\/08\/PORTRAITS_LINKEDIN_2017_22_9062-768x1152.jpg 768w, https:\/\/studiosukun.ca\/wp-content\/uploads\/2023\/08\/PORTRAITS_LINKEDIN_2017_22_9062-1024x1536.jpg 1024w, https:\/\/studiosukun.ca\/wp-content\/uploads\/2023\/08\/PORTRAITS_LINKEDIN_2017_22_9062-1365x2048.jpg 1365w, https:\/\/studiosukun.ca\/wp-content\/uploads\/2023\/08\/PORTRAITS_LINKEDIN_2017_22_9062-8x12.jpg 8w, https:\/\/studiosukun.ca\/wp-content\/uploads\/2023\/08\/PORTRAITS_LINKEDIN_2017_22_9062-1260x1890.jpg 1260w, https:\/\/studiosukun.ca\/wp-content\/uploads\/2023\/08\/PORTRAITS_LINKEDIN_2017_22_9062-630x945.jpg 630w\" sizes=\"(max-width: 1707px) 100vw, 1707px\" \/>\t\t\t\t\t\t\t\t\t\t\t\t\t\t\t\t\t\t\t\t\t\t\t\t\t\t<\/div>\n\t\t\t\t\t\t\t\t\t<\/div>\n\t\t\t\t\t\t\t\t<\/div>\n\t\t\t\t<\/div>\n\t\t\t\t\t<\/div>\n\t\t<\/div>\n\t\t\t\t<div class=\"elementor-column elementor-col-50 elementor-top-column elementor-element elementor-element-f30b5ac animated-slow elementor-invisible\" data-id=\"f30b5ac\" data-element_type=\"column\" data-e-type=\"column\" data-settings=\"{&quot;animation&quot;:&quot;fadeIn&quot;,&quot;animation_delay&quot;:300}\">\n\t\t\t<div class=\"elementor-widget-wrap elementor-element-populated\">\n\t\t\t\t\t\t<div class=\"elementor-element elementor-element-2ab6f25 elementor-widget elementor-widget-heading\" data-id=\"2ab6f25\" data-element_type=\"widget\" data-e-type=\"widget\" data-widget_type=\"heading.default\">\n\t\t\t\t<div class=\"elementor-widget-container\">\n\t\t\t\t\t<h2 class=\"elementor-heading-title elementor-size-default\">Leslie Angeles<\/h2>\t\t\t\t<\/div>\n\t\t\t\t<\/div>\n\t\t\t\t<div class=\"elementor-element elementor-element-b473ead elementor-widget elementor-widget-heading\" data-id=\"b473ead\" data-element_type=\"widget\" data-e-type=\"widget\" data-widget_type=\"heading.default\">\n\t\t\t\t<div class=\"elementor-widget-container\">\n\t\t\t\t\t<h6 class=\"elementor-heading-title elementor-size-default\">CST \u2022 Photo-Bio Modulation \u2022 Reiki \u2022 SER<\/h6>\t\t\t\t<\/div>\n\t\t\t\t<\/div>\n\t\t\t\t<div class=\"elementor-element elementor-element-06ea813 elementor-widget elementor-widget-text-editor\" data-id=\"06ea813\" data-element_type=\"widget\" data-e-type=\"widget\" data-widget_type=\"text-editor.default\">\n\t\t\t\t<div class=\"elementor-widget-container\">\n\t\t\t\t\t\t\t\t\t<p>Originaire du Michigan, aux \u00c9tats-Unis, Leslie est une th\u00e9rapeute certifi\u00e9e en th\u00e9rapie cranio-sacr\u00e9e, en Reiki et en lithoth\u00e9rapie, qui travaille avec son corps depuis des d\u00e9cennies en tant qu'ancienne gymnaste, artiste du Cirque du Soleil et instructrice de Pilates. Apr\u00e8s des ann\u00e9es de mouvement et de travail avec son propre corps, elle utilise maintenant son exp\u00e9rience en tant que praticienne de l'\u00e9nergie et du corps pour aider d'autres individus. Elle consid\u00e8re l'ensemble de la personne afin de faciliter leur voyage vers l'autogu\u00e9rison. Leslie est une th\u00e9rapeute empathique et attentionn\u00e9e, passionn\u00e9e par la cr\u00e9ation d'\u00e9quilibre et d'harmonie dans le bien-\u00eatre des gens.<\/p>\t\t\t\t\t\t\t\t<\/div>\n\t\t\t\t<\/div>\n\t\t\t\t\t<\/div>\n\t\t<\/div>\n\t\t\t\t\t<\/div>\n\t\t<\/section>\n\t\t\t\t<section class=\"elementor-section elementor-top-section elementor-element elementor-element-72be011 elementor-section-content-middle animated-slow elementor-section-boxed elementor-section-height-default elementor-section-height-default wpr-particle-no wpr-jarallax-no wpr-parallax-no wpr-sticky-section-no wpr-equal-height-no elementor-invisible\" data-id=\"72be011\" data-element_type=\"section\" data-e-type=\"section\" data-settings=\"{&quot;animation&quot;:&quot;fadeIn&quot;,&quot;animation_delay&quot;:300}\">\n\t\t\t\t\t\t<div class=\"elementor-container elementor-column-gap-default\">\n\t\t\t\t\t<div class=\"elementor-column elementor-col-50 elementor-top-column elementor-element elementor-element-69d15ad\" data-id=\"69d15ad\" data-element_type=\"column\" data-e-type=\"column\">\n\t\t\t<div class=\"elementor-widget-wrap elementor-element-populated\">\n\t\t\t\t\t\t<div class=\"elementor-element elementor-element-0f6ab02 elementor-position-inline-start elementor-view-default elementor-mobile-position-block-start elementor-widget elementor-widget-icon-box\" data-id=\"0f6ab02\" data-element_type=\"widget\" data-e-type=\"widget\" data-widget_type=\"icon-box.default\">\n\t\t\t\t<div class=\"elementor-widget-container\">\n\t\t\t\t\t\t\t<div class=\"elementor-icon-box-wrapper\">\n\n\t\t\t\t\t\t<div class=\"elementor-icon-box-icon\">\n\t\t\t\t<a href=\"https:\/\/studiosukun.ca\/fr\/heather-campbell\/\" class=\"elementor-icon elementor-animation-grow\" tabindex=\"-1\" aria-label=\"Heather Campbell\">\n\t\t\t\t<i aria-hidden=\"true\" class=\"vamtamtheme- vamtam-theme-arrow-left\"><\/i>\t\t\t\t<\/a>\n\t\t\t<\/div>\n\t\t\t\n\t\t\t\t\t\t<div class=\"elementor-icon-box-content\">\n\n\t\t\t\t\t\t\t\t\t<h3 class=\"elementor-icon-box-title\">\n\t\t\t\t\t\t<a href=\"https:\/\/studiosukun.ca\/fr\/heather-campbell\/\" >\n\t\t\t\t\t\t\tHeather Campbell\t\t\t\t\t\t<\/a>\n\t\t\t\t\t<\/h3>\n\t\t\t\t\n\t\t\t\t\n\t\t\t<\/div>\n\t\t\t\n\t\t<\/div>\n\t\t\t\t\t\t<\/div>\n\t\t\t\t<\/div>\n\t\t\t\t\t<\/div>\n\t\t<\/div>\n\t\t\t\t<div class=\"elementor-column elementor-col-50 elementor-top-column elementor-element elementor-element-358198a\" data-id=\"358198a\" data-element_type=\"column\" data-e-type=\"column\">\n\t\t\t<div class=\"elementor-widget-wrap elementor-element-populated\">\n\t\t\t\t\t\t<div class=\"elementor-element elementor-element-38f51c0 elementor-position-inline-end elementor-view-default elementor-mobile-position-block-start elementor-widget elementor-widget-icon-box\" data-id=\"38f51c0\" data-element_type=\"widget\" data-e-type=\"widget\" data-widget_type=\"icon-box.default\">\n\t\t\t\t<div class=\"elementor-widget-container\">\n\t\t\t\t\t\t\t<div class=\"elementor-icon-box-wrapper\">\n\n\t\t\t\t\t\t<div class=\"elementor-icon-box-icon\">\n\t\t\t\t<a href=\"https:\/\/studiosukun.ca\/fr\/nicolas-couto\/\" class=\"elementor-icon elementor-animation-grow\" tabindex=\"-1\" aria-label=\"Nicolas Couto\">\n\t\t\t\t<i aria-hidden=\"true\" class=\"vamtamtheme- vamtam-theme-arrow-right\"><\/i>\t\t\t\t<\/a>\n\t\t\t<\/div>\n\t\t\t\n\t\t\t\t\t\t<div class=\"elementor-icon-box-content\">\n\n\t\t\t\t\t\t\t\t\t<h3 class=\"elementor-icon-box-title\">\n\t\t\t\t\t\t<a href=\"https:\/\/studiosukun.ca\/fr\/nicolas-couto\/\" >\n\t\t\t\t\t\t\tNicolas Couto\t\t\t\t\t\t<\/a>\n\t\t\t\t\t<\/h3>\n\t\t\t\t\n\t\t\t\t\n\t\t\t<\/div>\n\t\t\t\n\t\t<\/div>\n\t\t\t\t\t\t<\/div>\n\t\t\t\t<\/div>\n\t\t\t\t\t<\/div>\n\t\t<\/div>\n\t\t\t\t\t<\/div>\n\t\t<\/section>\n\t\t\t\t<\/div>","protected":false},"excerpt":{"rendered":"<p>Therapists Leslie Angeles CST \u2022 Photo-Bio Modulation \u2022 Reiki \u2022 SER Originally from Michigan, USA, Leslie is a certified cranial sacral therapist, Reiki and Crystal healer who has been working with her body for decades as a former gymnast, Cirque du Soleil artist and pilates instructor. After years of moving and working with her body, she now uses her experience as an energy and body worker to help other humans. She looks at the whole person to help facilitate their self-healing journey. Leslie is an empathetic and caring therapist and is passionate about creating balance and harmony in people&#8217;s well being. Heather Campbell Nicolas Couto<\/p>","protected":false},"author":3,"featured_media":0,"parent":0,"menu_order":0,"comment_status":"closed","ping_status":"closed","template":"","meta":{"footnotes":""},"class_list":["post-988742","page","type-page","status-publish","hentry"],"aioseo_notices":[],"_links":{"self":[{"href":"https:\/\/studiosukun.ca\/fr\/wp-json\/wp\/v2\/pages\/988742","targetHints":{"allow":["GET"]}}],"collection":[{"href":"https:\/\/studiosukun.ca\/fr\/wp-json\/wp\/v2\/pages"}],"about":[{"href":"https:\/\/studiosukun.ca\/fr\/wp-json\/wp\/v2\/types\/page"}],"author":[{"embeddable":true,"href":"https:\/\/studiosukun.ca\/fr\/wp-json\/wp\/v2\/users\/3"}],"replies":[{"embeddable":true,"href":"https:\/\/studiosukun.ca\/fr\/wp-json\/wp\/v2\/comments?post=988742"}],"version-history":[{"count":13,"href":"https:\/\/studiosukun.ca\/fr\/wp-json\/wp\/v2\/pages\/988742\/revisions"}],"predecessor-version":[{"id":990281,"href":"https:\/\/studiosukun.ca\/fr\/wp-json\/wp\/v2\/pages\/988742\/revisions\/990281"}],"wp:attachment":[{"href":"https:\/\/studiosukun.ca\/fr\/wp-json\/wp\/v2\/media?parent=988742"}],"curies":[{"name":"wp","href":"https:\/\/api.w.org\/{rel}","templated":true}]}}