{"id":988718,"date":"2023-08-15T16:30:47","date_gmt":"2023-08-15T16:30:47","guid":{"rendered":"https:\/\/studiosukun.ca\/?page_id=988718"},"modified":"2023-09-12T21:36:04","modified_gmt":"2023-09-12T21:36:04","slug":"desiree-raquepo","status":"publish","type":"page","link":"https:\/\/studiosukun.ca\/fr\/desiree-raquepo\/","title":{"rendered":"Desir\u00e9e Raquepo"},"content":{"rendered":"<div data-elementor-type=\"wp-page\" data-elementor-id=\"988718\" class=\"elementor elementor-988718\" data-elementor-post-type=\"page\">\n\t\t\t\t\t\t<section class=\"elementor-section elementor-top-section elementor-element elementor-element-070f127 elementor-section-boxed elementor-section-height-default elementor-section-height-default wpr-particle-no wpr-jarallax-no wpr-parallax-no wpr-sticky-section-no wpr-equal-height-no\" data-id=\"070f127\" data-element_type=\"section\" data-e-type=\"section\">\n\t\t\t\t\t\t<div class=\"elementor-container elementor-column-gap-no\">\n\t\t\t\t\t<div class=\"elementor-column elementor-col-100 elementor-top-column elementor-element elementor-element-5ed142c\" data-id=\"5ed142c\" data-element_type=\"column\" data-e-type=\"column\">\n\t\t\t<div class=\"elementor-widget-wrap elementor-element-populated\">\n\t\t\t\t\t\t<div class=\"elementor-element elementor-element-018c16b elementor-invisible elementor-widget elementor-widget-heading\" data-id=\"018c16b\" data-element_type=\"widget\" data-e-type=\"widget\" data-settings=\"{&quot;_animation&quot;:&quot;fadeIn&quot;,&quot;_animation_tablet&quot;:&quot;none&quot;,&quot;_animation_mobile&quot;:&quot;none&quot;}\" data-widget_type=\"heading.default\">\n\t\t\t\t<div class=\"elementor-widget-container\">\n\t\t\t\t\t<h1 class=\"elementor-heading-title elementor-size-default\">Th\u00e9rapeutes<\/h1>\t\t\t\t<\/div>\n\t\t\t\t<\/div>\n\t\t\t\t\t<\/div>\n\t\t<\/div>\n\t\t\t\t\t<\/div>\n\t\t<\/section>\n\t\t\t\t<section class=\"elementor-section elementor-top-section elementor-element elementor-element-2dfade4 elementor-section-boxed elementor-section-height-default elementor-section-height-default wpr-particle-no wpr-jarallax-no wpr-parallax-no wpr-sticky-section-no wpr-equal-height-no\" data-id=\"2dfade4\" data-element_type=\"section\" data-e-type=\"section\">\n\t\t\t\t\t\t<div class=\"elementor-container elementor-column-gap-no\">\n\t\t\t\t\t<div class=\"elementor-column elementor-col-50 elementor-top-column elementor-element elementor-element-7c1baab\" data-id=\"7c1baab\" data-element_type=\"column\" data-e-type=\"column\">\n\t\t\t<div class=\"elementor-widget-wrap elementor-element-populated\">\n\t\t\t\t\t\t<div class=\"vamtam-has-theme-widget-styles elementor-element elementor-element-7d77065 elementor-invisible elementor-widget elementor-widget-image\" data-id=\"7d77065\" data-element_type=\"widget\" data-e-type=\"widget\" data-settings=\"{&quot;_animation&quot;:&quot;imageGrowWithScaleLeft&quot;,&quot;_animation_tablet&quot;:&quot;none&quot;,&quot;_animation_mobile&quot;:&quot;none&quot;}\" data-widget_type=\"image.default\">\n\t\t\t\t<div class=\"elementor-widget-container\">\n\t\t\t\t\t\t\t\t\t<div class=\"elementor-image\">\n\t\t\t\t\t\t\t\t\t\t\t<div class=\"vamtam-image-wrapper\">\n\t\t\t\t\t\t\t\t\t\t\t\t\t\t\t\t\t\t\t\t\t<img fetchpriority=\"high\" decoding=\"async\" width=\"666\" height=\"999\" src=\"https:\/\/studiosukun.ca\/wp-content\/uploads\/2023\/08\/IMG_2987-2.jpg\" class=\"attachment-full size-full wp-image-988712\" alt=\"\" srcset=\"https:\/\/studiosukun.ca\/wp-content\/uploads\/2023\/08\/IMG_2987-2.jpg 666w, https:\/\/studiosukun.ca\/wp-content\/uploads\/2023\/08\/IMG_2987-2-200x300.jpg 200w, https:\/\/studiosukun.ca\/wp-content\/uploads\/2023\/08\/IMG_2987-2-8x12.jpg 8w, https:\/\/studiosukun.ca\/wp-content\/uploads\/2023\/08\/IMG_2987-2-630x945.jpg 630w\" sizes=\"(max-width: 666px) 100vw, 666px\" \/>\t\t\t\t\t\t\t\t\t\t\t\t\t\t\t\t\t\t\t\t\t\t\t\t\t\t<\/div>\n\t\t\t\t\t\t\t\t\t<\/div>\n\t\t\t\t\t\t\t\t<\/div>\n\t\t\t\t<\/div>\n\t\t\t\t\t<\/div>\n\t\t<\/div>\n\t\t\t\t<div class=\"elementor-column elementor-col-50 elementor-top-column elementor-element elementor-element-4eac1a9 animated-slow elementor-invisible\" data-id=\"4eac1a9\" data-element_type=\"column\" data-e-type=\"column\" data-settings=\"{&quot;animation&quot;:&quot;fadeIn&quot;,&quot;animation_delay&quot;:300}\">\n\t\t\t<div class=\"elementor-widget-wrap elementor-element-populated\">\n\t\t\t\t\t\t<div class=\"elementor-element elementor-element-5baa64d elementor-widget elementor-widget-heading\" data-id=\"5baa64d\" data-element_type=\"widget\" data-e-type=\"widget\" data-widget_type=\"heading.default\">\n\t\t\t\t<div class=\"elementor-widget-container\">\n\t\t\t\t\t<h2 class=\"elementor-heading-title elementor-size-default\">Desir\u00e9e Raquepo<\/h2>\t\t\t\t<\/div>\n\t\t\t\t<\/div>\n\t\t\t\t<div class=\"elementor-element elementor-element-fc9f59d elementor-widget elementor-widget-heading\" data-id=\"fc9f59d\" data-element_type=\"widget\" data-e-type=\"widget\" data-widget_type=\"heading.default\">\n\t\t\t\t<div class=\"elementor-widget-container\">\n\t\t\t\t\t<h6 class=\"elementor-heading-title elementor-size-default\">Th\u00e9rapie Des Fascias \u2022 Kin\u00e9sith\u00e9rapie \u2022 R\u00e9flexologie<\/h6>\t\t\t\t<\/div>\n\t\t\t\t<\/div>\n\t\t\t\t<div class=\"elementor-element elementor-element-d1d620e elementor-widget elementor-widget-text-editor\" data-id=\"d1d620e\" data-element_type=\"widget\" data-e-type=\"widget\" data-widget_type=\"text-editor.default\">\n\t\t\t\t<div class=\"elementor-widget-container\">\n\t\t\t\t\t\t\t\t\t<p>Desir\u00e9e Raquepo propose plusieurs modalit\u00e9s de gu\u00e9rison pour une exp\u00e9rience de gu\u00e9rison holistique. Elle compte plus de 10 ans d'exp\u00e9rience dans le domaine du travail corporel, ainsi que quelques ann\u00e9es dans les soins communautaires et la divination autochtone philippine. Desir\u00e9e s'engage \u00e0 aider les individus \u00e0 se connecter avec leur esprit, leur corps et leur \u00e2me, et \u00e0 offrir un soutien en p\u00e9riode de transformation.<\/p><p>Ses techniques incluent une combinaison de kin\u00e9sith\u00e9rapie, de th\u00e9rapie fasciale, de lomi, de drainage lymphatique, de th\u00e9rapie craniosacrale, de massage p\u00e9rinatal, de r\u00e9flexologie, de lib\u00e9ration \u00e9motionnelle somatique, d'\u00e9tirement guid\u00e9 et d'automassage, de lectures Kilubansa et de \"Tawas sa papel\".<\/p>\t\t\t\t\t\t\t\t<\/div>\n\t\t\t\t<\/div>\n\t\t\t\t\t<\/div>\n\t\t<\/div>\n\t\t\t\t\t<\/div>\n\t\t<\/section>\n\t\t\t\t<section class=\"elementor-section elementor-top-section elementor-element elementor-element-3b039f5 elementor-section-content-middle animated-slow elementor-section-boxed elementor-section-height-default elementor-section-height-default wpr-particle-no wpr-jarallax-no wpr-parallax-no wpr-sticky-section-no wpr-equal-height-no elementor-invisible\" data-id=\"3b039f5\" data-element_type=\"section\" data-e-type=\"section\" data-settings=\"{&quot;animation&quot;:&quot;fadeIn&quot;,&quot;animation_delay&quot;:300}\">\n\t\t\t\t\t\t<div class=\"elementor-container elementor-column-gap-default\">\n\t\t\t\t\t<div class=\"elementor-column elementor-col-100 elementor-top-column elementor-element elementor-element-20f7fb2\" data-id=\"20f7fb2\" data-element_type=\"column\" data-e-type=\"column\">\n\t\t\t<div class=\"elementor-widget-wrap elementor-element-populated\">\n\t\t\t\t\t\t<div class=\"elementor-element elementor-element-fb0a23c elementor-position-inline-end elementor-view-default elementor-mobile-position-block-start elementor-widget elementor-widget-icon-box\" data-id=\"fb0a23c\" data-element_type=\"widget\" data-e-type=\"widget\" data-widget_type=\"icon-box.default\">\n\t\t\t\t<div class=\"elementor-widget-container\">\n\t\t\t\t\t\t\t<div class=\"elementor-icon-box-wrapper\">\n\n\t\t\t\t\t\t<div class=\"elementor-icon-box-icon\">\n\t\t\t\t<a href=\"https:\/\/studiosukun.ca\/fr\/gerardo-esquivel\/\" class=\"elementor-icon elementor-animation-grow\" tabindex=\"-1\" aria-label=\"Gerardo Esquivel\">\n\t\t\t\t<i aria-hidden=\"true\" class=\"vamtamtheme- vamtam-theme-arrow-right\"><\/i>\t\t\t\t<\/a>\n\t\t\t<\/div>\n\t\t\t\n\t\t\t\t\t\t<div class=\"elementor-icon-box-content\">\n\n\t\t\t\t\t\t\t\t\t<h3 class=\"elementor-icon-box-title\">\n\t\t\t\t\t\t<a href=\"https:\/\/studiosukun.ca\/fr\/gerardo-esquivel\/\" >\n\t\t\t\t\t\t\tGerardo Esquivel\t\t\t\t\t\t<\/a>\n\t\t\t\t\t<\/h3>\n\t\t\t\t\n\t\t\t\t\n\t\t\t<\/div>\n\t\t\t\n\t\t<\/div>\n\t\t\t\t\t\t<\/div>\n\t\t\t\t<\/div>\n\t\t\t\t\t<\/div>\n\t\t<\/div>\n\t\t\t\t\t<\/div>\n\t\t<\/section>\n\t\t\t\t<\/div>","protected":false},"excerpt":{"rendered":"<p>Therapists Desiree Raquepo Fascia Therapy \u2022 Kinesitherapy \u2022 Reflexology Desiree Raquepo offers several healing modalities for a holistic healing experience. She has over 10 years of experience in body work, and a few in community care and indigenous Filipino divination. Desiree is dedicated to helping individuals connect with their mind, body and spirit, and to offering support in times of transformation. Her techniques include a combination of kinesitherapy, fascia therapy, lomi, lymphatic draining, craniosacral therapy, perinatal massage, reflexology, somatic emotional release, guided stretching &amp; self-massage, Kilubansa readings and &#8216;Tawas sa papel&#8217;. Gerardo Esquivel<\/p>","protected":false},"author":3,"featured_media":0,"parent":0,"menu_order":0,"comment_status":"closed","ping_status":"closed","template":"","meta":{"footnotes":""},"class_list":["post-988718","page","type-page","status-publish","hentry"],"aioseo_notices":[],"_links":{"self":[{"href":"https:\/\/studiosukun.ca\/fr\/wp-json\/wp\/v2\/pages\/988718","targetHints":{"allow":["GET"]}}],"collection":[{"href":"https:\/\/studiosukun.ca\/fr\/wp-json\/wp\/v2\/pages"}],"about":[{"href":"https:\/\/studiosukun.ca\/fr\/wp-json\/wp\/v2\/types\/page"}],"author":[{"embeddable":true,"href":"https:\/\/studiosukun.ca\/fr\/wp-json\/wp\/v2\/users\/3"}],"replies":[{"embeddable":true,"href":"https:\/\/studiosukun.ca\/fr\/wp-json\/wp\/v2\/comments?post=988718"}],"version-history":[{"count":13,"href":"https:\/\/studiosukun.ca\/fr\/wp-json\/wp\/v2\/pages\/988718\/revisions"}],"predecessor-version":[{"id":990272,"href":"https:\/\/studiosukun.ca\/fr\/wp-json\/wp\/v2\/pages\/988718\/revisions\/990272"}],"wp:attachment":[{"href":"https:\/\/studiosukun.ca\/fr\/wp-json\/wp\/v2\/media?parent=988718"}],"curies":[{"name":"wp","href":"https:\/\/api.w.org\/{rel}","templated":true}]}}