{"id":3528,"date":"2021-03-09T09:58:17","date_gmt":"2021-03-09T09:58:17","guid":{"rendered":"https:\/\/ativo.vamtam.com\/?page_id=3528"},"modified":"2024-09-03T21:17:47","modified_gmt":"2024-09-03T21:17:47","slug":"lynn-abi-aad","status":"publish","type":"page","link":"https:\/\/studiosukun.ca\/fr\/lynn-abi-aad\/","title":{"rendered":"Lynn Abi Aad"},"content":{"rendered":"<div data-elementor-type=\"wp-page\" data-elementor-id=\"3528\" class=\"elementor elementor-3528\" data-elementor-post-type=\"page\">\n\t\t\t\t\t\t<section class=\"elementor-section elementor-top-section elementor-element elementor-element-5de61d7 elementor-section-boxed elementor-section-height-default elementor-section-height-default wpr-particle-no wpr-jarallax-no wpr-parallax-no wpr-sticky-section-no wpr-equal-height-no\" data-id=\"5de61d7\" data-element_type=\"section\" data-e-type=\"section\">\n\t\t\t\t\t\t<div class=\"elementor-container elementor-column-gap-no\">\n\t\t\t\t\t<div class=\"elementor-column elementor-col-100 elementor-top-column elementor-element elementor-element-bdc9bdc\" data-id=\"bdc9bdc\" data-element_type=\"column\" data-e-type=\"column\">\n\t\t\t<div class=\"elementor-widget-wrap elementor-element-populated\">\n\t\t\t\t\t\t<div class=\"elementor-element elementor-element-7616e72 elementor-invisible elementor-widget elementor-widget-heading\" data-id=\"7616e72\" data-element_type=\"widget\" data-e-type=\"widget\" data-settings=\"{&quot;_animation&quot;:&quot;fadeIn&quot;,&quot;_animation_tablet&quot;:&quot;none&quot;,&quot;_animation_mobile&quot;:&quot;none&quot;}\" data-widget_type=\"heading.default\">\n\t\t\t\t<div class=\"elementor-widget-container\">\n\t\t\t\t\t<h1 class=\"elementor-heading-title elementor-size-default\">Professeurs<\/h1>\t\t\t\t<\/div>\n\t\t\t\t<\/div>\n\t\t\t\t\t<\/div>\n\t\t<\/div>\n\t\t\t\t\t<\/div>\n\t\t<\/section>\n\t\t\t\t<section class=\"elementor-section elementor-top-section elementor-element elementor-element-d74332f elementor-section-boxed elementor-section-height-default elementor-section-height-default wpr-particle-no wpr-jarallax-no wpr-parallax-no wpr-sticky-section-no wpr-equal-height-no\" data-id=\"d74332f\" data-element_type=\"section\" data-e-type=\"section\">\n\t\t\t\t\t\t<div class=\"elementor-container elementor-column-gap-no\">\n\t\t\t\t\t<div class=\"elementor-column elementor-col-50 elementor-top-column elementor-element elementor-element-dcb849a\" data-id=\"dcb849a\" data-element_type=\"column\" data-e-type=\"column\">\n\t\t\t<div class=\"elementor-widget-wrap elementor-element-populated\">\n\t\t\t\t\t\t<div class=\"vamtam-has-theme-widget-styles elementor-element elementor-element-3025ae7 elementor-invisible elementor-widget elementor-widget-image\" data-id=\"3025ae7\" data-element_type=\"widget\" data-e-type=\"widget\" data-settings=\"{&quot;_animation&quot;:&quot;imageGrowWithScaleLeft&quot;,&quot;_animation_tablet&quot;:&quot;none&quot;,&quot;_animation_mobile&quot;:&quot;none&quot;}\" data-widget_type=\"image.default\">\n\t\t\t\t<div class=\"elementor-widget-container\">\n\t\t\t\t\t\t\t\t\t<div class=\"elementor-image\">\n\t\t\t\t\t\t\t\t\t\t\t<div class=\"vamtam-image-wrapper\">\n\t\t\t\t\t\t\t\t\t\t\t\t\t\t\t\t\t\t\t\t\t<img fetchpriority=\"high\" decoding=\"async\" width=\"1920\" height=\"2560\" src=\"https:\/\/studiosukun.ca\/wp-content\/uploads\/2023\/08\/Lynn-scaled.jpg\" class=\"attachment-full size-full wp-image-988478\" alt=\"\" srcset=\"https:\/\/studiosukun.ca\/wp-content\/uploads\/2023\/08\/Lynn-scaled.jpg 1920w, https:\/\/studiosukun.ca\/wp-content\/uploads\/2023\/08\/Lynn-225x300.jpg 225w, https:\/\/studiosukun.ca\/wp-content\/uploads\/2023\/08\/Lynn-768x1024.jpg 768w, https:\/\/studiosukun.ca\/wp-content\/uploads\/2023\/08\/Lynn-1152x1536.jpg 1152w, https:\/\/studiosukun.ca\/wp-content\/uploads\/2023\/08\/Lynn-1536x2048.jpg 1536w, https:\/\/studiosukun.ca\/wp-content\/uploads\/2023\/08\/Lynn-9x12.jpg 9w, https:\/\/studiosukun.ca\/wp-content\/uploads\/2023\/08\/Lynn-1260x1680.jpg 1260w, https:\/\/studiosukun.ca\/wp-content\/uploads\/2023\/08\/Lynn-630x840.jpg 630w\" sizes=\"(max-width: 1920px) 100vw, 1920px\" \/>\t\t\t\t\t\t\t\t\t\t\t\t\t\t\t\t\t\t\t\t\t\t\t\t\t\t<\/div>\n\t\t\t\t\t\t\t\t\t<\/div>\n\t\t\t\t\t\t\t\t<\/div>\n\t\t\t\t<\/div>\n\t\t\t\t\t<\/div>\n\t\t<\/div>\n\t\t\t\t<div class=\"elementor-column elementor-col-50 elementor-top-column elementor-element elementor-element-9490c8f animated-slow elementor-invisible\" data-id=\"9490c8f\" data-element_type=\"column\" data-e-type=\"column\" data-settings=\"{&quot;animation&quot;:&quot;fadeIn&quot;,&quot;animation_delay&quot;:300}\">\n\t\t\t<div class=\"elementor-widget-wrap elementor-element-populated\">\n\t\t\t\t\t\t<div class=\"elementor-element elementor-element-977b9a6 elementor-widget elementor-widget-heading\" data-id=\"977b9a6\" data-element_type=\"widget\" data-e-type=\"widget\" data-widget_type=\"heading.default\">\n\t\t\t\t<div class=\"elementor-widget-container\">\n\t\t\t\t\t<h2 class=\"elementor-heading-title elementor-size-default\">Lynn Abi Aad<\/h2>\t\t\t\t<\/div>\n\t\t\t\t<\/div>\n\t\t\t\t<div class=\"elementor-element elementor-element-006d060 elementor-widget elementor-widget-heading\" data-id=\"006d060\" data-element_type=\"widget\" data-e-type=\"widget\" data-widget_type=\"heading.default\">\n\t\t\t\t<div class=\"elementor-widget-container\">\n\t\t\t\t\t<h6 class=\"elementor-heading-title elementor-size-default\">Yoga<\/h6>\t\t\t\t<\/div>\n\t\t\t\t<\/div>\n\t\t\t\t<div class=\"elementor-element elementor-element-9102f60 elementor-widget elementor-widget-text-editor\" data-id=\"9102f60\" data-element_type=\"widget\" data-e-type=\"widget\" data-widget_type=\"text-editor.default\">\n\t\t\t\t<div class=\"elementor-widget-container\">\n\t\t\t\t\t\t\t\t\t<p>Elle est une Yogini, Guide et Exploratrice de l'\u00c2me.\u00a0<\/p><p>Son parcours avec le yoga s'\u00e9tend sur neuf ann\u00e9es \u00e9clairantes, tissant les profondes traditions de l'Ashtanga, du Hatha et du Vinyasa dans la trame de son \u00eatre. Elle a suivi son TTC \u00e0 Rishikesh, en Inde, le berceau du yoga, et depuis cinq ans, elle a eu l'incroyable honneur de partager ce chemin transformateur en tant qu'instructrice d\u00e9vou\u00e9e.\u00a0<\/p><p>Le yoga est bien plus que des asanas, c'est une danse sacr\u00e9e du corps, de l'esprit et de l'\u00e2me. Au-del\u00e0 du tapis, elle vous aide \u00e0 int\u00e9grer la sagesse ancienne dans votre vie moderne, nourrissant ainsi une connexion plus profonde en vous. Rejoignez-la sur le tapis et embarquez ensemble dans un voyage \u00e9mouvant de d\u00e9couverte de soi et d'\u00e9panouissement int\u00e9rieur.<\/p>\t\t\t\t\t\t\t\t<\/div>\n\t\t\t\t<\/div>\n\t\t\t\t\t<\/div>\n\t\t<\/div>\n\t\t\t\t\t<\/div>\n\t\t<\/section>\n\t\t\t\t<section class=\"elementor-section elementor-top-section elementor-element elementor-element-2421818 elementor-section-content-middle animated-slow elementor-section-boxed elementor-section-height-default elementor-section-height-default wpr-particle-no wpr-jarallax-no wpr-parallax-no wpr-sticky-section-no wpr-equal-height-no elementor-invisible\" data-id=\"2421818\" data-element_type=\"section\" data-e-type=\"section\" data-settings=\"{&quot;animation&quot;:&quot;fadeIn&quot;,&quot;animation_delay&quot;:300}\">\n\t\t\t\t\t\t<div class=\"elementor-container elementor-column-gap-default\">\n\t\t\t\t\t<div class=\"elementor-column elementor-col-50 elementor-top-column elementor-element elementor-element-a49ce3b\" data-id=\"a49ce3b\" data-element_type=\"column\" data-e-type=\"column\">\n\t\t\t<div class=\"elementor-widget-wrap elementor-element-populated\">\n\t\t\t\t\t\t<div class=\"elementor-element elementor-element-73b299e elementor-position-inline-start elementor-view-default elementor-mobile-position-block-start elementor-widget elementor-widget-icon-box\" data-id=\"73b299e\" data-element_type=\"widget\" data-e-type=\"widget\" data-widget_type=\"icon-box.default\">\n\t\t\t\t<div class=\"elementor-widget-container\">\n\t\t\t\t\t\t\t<div class=\"elementor-icon-box-wrapper\">\n\n\t\t\t\t\t\t<div class=\"elementor-icon-box-icon\">\n\t\t\t\t<a href=\"https:\/\/studiosukun.ca\/fr\/lea-debal\/\" class=\"elementor-icon elementor-animation-grow\" tabindex=\"-1\" aria-label=\"Lea Debal\">\n\t\t\t\t<i aria-hidden=\"true\" class=\"vamtamtheme- vamtam-theme-arrow-left\"><\/i>\t\t\t\t<\/a>\n\t\t\t<\/div>\n\t\t\t\n\t\t\t\t\t\t<div class=\"elementor-icon-box-content\">\n\n\t\t\t\t\t\t\t\t\t<h3 class=\"elementor-icon-box-title\">\n\t\t\t\t\t\t<a href=\"https:\/\/studiosukun.ca\/fr\/lea-debal\/\" >\n\t\t\t\t\t\t\tLea Debal\t\t\t\t\t\t<\/a>\n\t\t\t\t\t<\/h3>\n\t\t\t\t\n\t\t\t\t\n\t\t\t<\/div>\n\t\t\t\n\t\t<\/div>\n\t\t\t\t\t\t<\/div>\n\t\t\t\t<\/div>\n\t\t\t\t\t<\/div>\n\t\t<\/div>\n\t\t\t\t<div class=\"elementor-column elementor-col-50 elementor-top-column elementor-element elementor-element-15e9f18\" data-id=\"15e9f18\" data-element_type=\"column\" data-e-type=\"column\">\n\t\t\t<div class=\"elementor-widget-wrap elementor-element-populated\">\n\t\t\t\t\t\t<div class=\"elementor-element elementor-element-4b522c5 elementor-position-inline-end elementor-view-default elementor-mobile-position-block-start elementor-widget elementor-widget-icon-box\" data-id=\"4b522c5\" data-element_type=\"widget\" data-e-type=\"widget\" data-widget_type=\"icon-box.default\">\n\t\t\t\t<div class=\"elementor-widget-container\">\n\t\t\t\t\t\t\t<div class=\"elementor-icon-box-wrapper\">\n\n\t\t\t\t\t\t<div class=\"elementor-icon-box-icon\">\n\t\t\t\t<a href=\"https:\/\/studiosukun.ca\/fr\/chelsea-abi-saab\/\" class=\"elementor-icon elementor-animation-grow\" tabindex=\"-1\" aria-label=\"Chelsea Abi-Saad\">\n\t\t\t\t<i aria-hidden=\"true\" class=\"vamtamtheme- vamtam-theme-arrow-right\"><\/i>\t\t\t\t<\/a>\n\t\t\t<\/div>\n\t\t\t\n\t\t\t\t\t\t<div class=\"elementor-icon-box-content\">\n\n\t\t\t\t\t\t\t\t\t<h3 class=\"elementor-icon-box-title\">\n\t\t\t\t\t\t<a href=\"https:\/\/studiosukun.ca\/fr\/chelsea-abi-saab\/\" >\n\t\t\t\t\t\t\tChelsea Abi-Saad\t\t\t\t\t\t<\/a>\n\t\t\t\t\t<\/h3>\n\t\t\t\t\n\t\t\t\t\n\t\t\t<\/div>\n\t\t\t\n\t\t<\/div>\n\t\t\t\t\t\t<\/div>\n\t\t\t\t<\/div>\n\t\t\t\t\t<\/div>\n\t\t<\/div>\n\t\t\t\t\t<\/div>\n\t\t<\/section>\n\t\t\t\t<\/div>","protected":false},"excerpt":{"rendered":"<p>Instructors Lynn Abi Aad Yoga She&#8217;s a Yogini, Guide, and Soul Explorer.\u00a0 Her journey with yoga spans nine enlightening years, weaving the profound traditions of Ashtanga, Hatha, and Vinyasa into the fabric of her being. She did her TTC in Rishikesh India, the birthplace of yoga, and for the past five years, She&#8217;s had the incredible honor of sharing this transformative path as a dedicated instructor.\u00a0 Yoga is more than asanas, it&#8217;s a sacred dance of body, mind and spirit. Beyond the mat, She helps you infuse ancient wisdom into your modern lives, nurturing a deeper connection within. Join her on the mat, and embark together on a soul-stirring voyage of self-discovery and inner radiance. Lea Debal Chelsea Abi-Saad<\/p>","protected":false},"author":2,"featured_media":0,"parent":0,"menu_order":0,"comment_status":"closed","ping_status":"closed","template":"","meta":{"footnotes":""},"class_list":["post-3528","page","type-page","status-publish","hentry"],"aioseo_notices":[],"_links":{"self":[{"href":"https:\/\/studiosukun.ca\/fr\/wp-json\/wp\/v2\/pages\/3528","targetHints":{"allow":["GET"]}}],"collection":[{"href":"https:\/\/studiosukun.ca\/fr\/wp-json\/wp\/v2\/pages"}],"about":[{"href":"https:\/\/studiosukun.ca\/fr\/wp-json\/wp\/v2\/types\/page"}],"author":[{"embeddable":true,"href":"https:\/\/studiosukun.ca\/fr\/wp-json\/wp\/v2\/users\/2"}],"replies":[{"embeddable":true,"href":"https:\/\/studiosukun.ca\/fr\/wp-json\/wp\/v2\/comments?post=3528"}],"version-history":[{"count":35,"href":"https:\/\/studiosukun.ca\/fr\/wp-json\/wp\/v2\/pages\/3528\/revisions"}],"predecessor-version":[{"id":991372,"href":"https:\/\/studiosukun.ca\/fr\/wp-json\/wp\/v2\/pages\/3528\/revisions\/991372"}],"wp:attachment":[{"href":"https:\/\/studiosukun.ca\/fr\/wp-json\/wp\/v2\/media?parent=3528"}],"curies":[{"name":"wp","href":"https:\/\/api.w.org\/{rel}","templated":true}]}}