{"id":3514,"date":"2021-03-09T09:33:40","date_gmt":"2021-03-09T09:33:40","guid":{"rendered":"https:\/\/ativo.vamtam.com\/?page_id=3514"},"modified":"2024-04-08T14:46:42","modified_gmt":"2024-04-08T14:46:42","slug":"antonia-minitsos","status":"publish","type":"page","link":"https:\/\/studiosukun.ca\/fr\/antonia-minitsos\/","title":{"rendered":"Antonia Minitsos"},"content":{"rendered":"<div data-elementor-type=\"wp-page\" data-elementor-id=\"3514\" class=\"elementor elementor-3514\" data-elementor-post-type=\"page\">\n\t\t\t\t\t\t<section class=\"elementor-section elementor-top-section elementor-element elementor-element-d7c2630 elementor-section-boxed elementor-section-height-default elementor-section-height-default wpr-particle-no wpr-jarallax-no wpr-parallax-no wpr-sticky-section-no\" data-id=\"d7c2630\" data-element_type=\"section\" data-e-type=\"section\">\n\t\t\t\t\t\t<div class=\"elementor-container elementor-column-gap-no\">\n\t\t\t\t\t<div class=\"elementor-column elementor-col-100 elementor-top-column elementor-element elementor-element-0e79133\" data-id=\"0e79133\" data-element_type=\"column\" data-e-type=\"column\">\n\t\t\t<div class=\"elementor-widget-wrap elementor-element-populated\">\n\t\t\t\t\t\t<div class=\"elementor-element elementor-element-4639693 elementor-invisible elementor-widget elementor-widget-heading\" data-id=\"4639693\" data-element_type=\"widget\" data-e-type=\"widget\" data-settings=\"{&quot;_animation&quot;:&quot;fadeIn&quot;,&quot;_animation_tablet&quot;:&quot;none&quot;,&quot;_animation_mobile&quot;:&quot;none&quot;}\" data-widget_type=\"heading.default\">\n\t\t\t\t<div class=\"elementor-widget-container\">\n\t\t\t\t\t<h1 class=\"elementor-heading-title elementor-size-default\">Professeurs<\/h1>\t\t\t\t<\/div>\n\t\t\t\t<\/div>\n\t\t\t\t\t<\/div>\n\t\t<\/div>\n\t\t\t\t\t<\/div>\n\t\t<\/section>\n\t\t\t\t<section class=\"elementor-section elementor-top-section elementor-element elementor-element-7f5b1ec elementor-section-boxed elementor-section-height-default elementor-section-height-default wpr-particle-no wpr-jarallax-no wpr-parallax-no wpr-sticky-section-no\" data-id=\"7f5b1ec\" data-element_type=\"section\" data-e-type=\"section\">\n\t\t\t\t\t\t<div class=\"elementor-container elementor-column-gap-no\">\n\t\t\t\t\t<div class=\"elementor-column elementor-col-50 elementor-top-column elementor-element elementor-element-4cf6aad\" data-id=\"4cf6aad\" data-element_type=\"column\" data-e-type=\"column\">\n\t\t\t<div class=\"elementor-widget-wrap elementor-element-populated\">\n\t\t\t\t\t\t<div class=\"vamtam-has-theme-widget-styles elementor-element elementor-element-d02713c elementor-invisible elementor-widget elementor-widget-image\" data-id=\"d02713c\" data-element_type=\"widget\" data-e-type=\"widget\" data-settings=\"{&quot;_animation&quot;:&quot;imageGrowWithScaleLeft&quot;,&quot;_animation_tablet&quot;:&quot;none&quot;,&quot;_animation_mobile&quot;:&quot;none&quot;}\" data-widget_type=\"image.default\">\n\t\t\t\t<div class=\"elementor-widget-container\">\n\t\t\t\t\t\t\t\t\t<div class=\"elementor-image\">\n\t\t\t\t\t\t\t\t\t\t\t<div class=\"vamtam-image-wrapper\">\n\t\t\t\t\t\t\t\t\t\t\t\t\t\t\t\t\t\t\t\t\t<img fetchpriority=\"high\" decoding=\"async\" width=\"1920\" height=\"2560\" src=\"https:\/\/studiosukun.ca\/wp-content\/uploads\/2023\/08\/Antonia-scaled.jpg\" class=\"attachment-full size-full wp-image-988476\" alt=\"\" srcset=\"https:\/\/studiosukun.ca\/wp-content\/uploads\/2023\/08\/Antonia-scaled.jpg 1920w, https:\/\/studiosukun.ca\/wp-content\/uploads\/2023\/08\/Antonia-225x300.jpg 225w, https:\/\/studiosukun.ca\/wp-content\/uploads\/2023\/08\/Antonia-768x1024.jpg 768w, https:\/\/studiosukun.ca\/wp-content\/uploads\/2023\/08\/Antonia-1152x1536.jpg 1152w, https:\/\/studiosukun.ca\/wp-content\/uploads\/2023\/08\/Antonia-1536x2048.jpg 1536w, https:\/\/studiosukun.ca\/wp-content\/uploads\/2023\/08\/Antonia-9x12.jpg 9w, https:\/\/studiosukun.ca\/wp-content\/uploads\/2023\/08\/Antonia-1260x1680.jpg 1260w, https:\/\/studiosukun.ca\/wp-content\/uploads\/2023\/08\/Antonia-630x840.jpg 630w\" sizes=\"(max-width: 1920px) 100vw, 1920px\" \/>\t\t\t\t\t\t\t\t\t\t\t\t\t\t\t\t\t\t\t\t\t\t\t\t\t\t<\/div>\n\t\t\t\t\t\t\t\t\t<\/div>\n\t\t\t\t\t\t\t\t<\/div>\n\t\t\t\t<\/div>\n\t\t\t\t\t<\/div>\n\t\t<\/div>\n\t\t\t\t<div class=\"elementor-column elementor-col-50 elementor-top-column elementor-element elementor-element-5963e98 animated-slow elementor-invisible\" data-id=\"5963e98\" data-element_type=\"column\" data-e-type=\"column\" data-settings=\"{&quot;animation&quot;:&quot;fadeIn&quot;,&quot;animation_delay&quot;:300}\">\n\t\t\t<div class=\"elementor-widget-wrap elementor-element-populated\">\n\t\t\t\t\t\t<div class=\"elementor-element elementor-element-0b491d0 elementor-widget elementor-widget-heading\" data-id=\"0b491d0\" data-element_type=\"widget\" data-e-type=\"widget\" data-widget_type=\"heading.default\">\n\t\t\t\t<div class=\"elementor-widget-container\">\n\t\t\t\t\t<h2 class=\"elementor-heading-title elementor-size-default\">Antonia Minitsos\u200b<\/h2>\t\t\t\t<\/div>\n\t\t\t\t<\/div>\n\t\t\t\t<div class=\"elementor-element elementor-element-cbaae53 elementor-widget elementor-widget-heading\" data-id=\"cbaae53\" data-element_type=\"widget\" data-e-type=\"widget\" data-widget_type=\"heading.default\">\n\t\t\t\t<div class=\"elementor-widget-container\">\n\t\t\t\t\t<h6 class=\"elementor-heading-title elementor-size-default\">Yoga<\/h6>\t\t\t\t<\/div>\n\t\t\t\t<\/div>\n\t\t\t\t<div class=\"elementor-element elementor-element-85acc28 elementor-widget elementor-widget-text-editor\" data-id=\"85acc28\" data-element_type=\"widget\" data-e-type=\"widget\" data-widget_type=\"text-editor.default\">\n\t\t\t\t<div class=\"elementor-widget-container\">\n\t\t\t\t\t\t\t\t\t<p>Aussi loin qu'Antonia se souvienne, le yoga a toujours fait partie de sa vie. Sa m\u00e8re a jou\u00e9 un r\u00f4le important dans ce parcours en partageant ses connaissances et ses pratiques avec elle d\u00e8s son plus jeune \u00e2ge. L'amour d'Antonia pour le mouvement a continu\u00e9 \u00e0 grandir, de joueuse de football \u00e0 coach en musculation et conditionnement physique, jusqu'\u00e0 ce qu'elle fasse confiance \u00e0 sa voix int\u00e9rieure et termine son YTT.\u00a0<\/p><p>Antonia attribue la profondeur de sa pratique et son amour du yoga aux nombreux enseignants \u00e9minents avec lesquels elle a \u00e9tudi\u00e9, en particulier Daniel Castro, Nicole Jones, Katie Ribsam, Melanie Richards et sa m\u00e8re. Dans chacun de ses cours, elle aspire \u00e0 offrir aux \u00e9tudiants un espace s\u00fbr pour traverser les postures \u00e0 leur mani\u00e8re unique, centr\u00e9e sur leurs besoins et leurs fonctions corporelles.\u00a0<\/p><p>Elle puise dans de nombreux styles du syst\u00e8me de yoga et du mouvement fonctionnel pour guider un style pertinent pour les \u00e9tudiants qui souhaitent am\u00e9liorer leur fa\u00e7on de bouger. Profond\u00e9ment enracin\u00e9e dans l'amour et la bienveillance, la vision d'Antonia est d'aider sa communaut\u00e9 \u00e0 mieux se connecter avec elle-m\u00eame et avec les autres gr\u00e2ce au mouvement et \u00e0 la conscience.<\/p>\t\t\t\t\t\t\t\t<\/div>\n\t\t\t\t<\/div>\n\t\t\t\t\t<\/div>\n\t\t<\/div>\n\t\t\t\t\t<\/div>\n\t\t<\/section>\n\t\t\t\t<section class=\"elementor-section elementor-top-section elementor-element elementor-element-19a878a elementor-section-content-middle animated-slow elementor-section-boxed elementor-section-height-default elementor-section-height-default wpr-particle-no wpr-jarallax-no wpr-parallax-no wpr-sticky-section-no elementor-invisible\" data-id=\"19a878a\" data-element_type=\"section\" data-e-type=\"section\" data-settings=\"{&quot;animation&quot;:&quot;fadeIn&quot;,&quot;animation_delay&quot;:300}\">\n\t\t\t\t\t\t<div class=\"elementor-container elementor-column-gap-default\">\n\t\t\t\t\t<div class=\"elementor-column elementor-col-100 elementor-top-column elementor-element elementor-element-35cc283\" data-id=\"35cc283\" data-element_type=\"column\" data-e-type=\"column\">\n\t\t\t<div class=\"elementor-widget-wrap elementor-element-populated\">\n\t\t\t\t\t\t<div class=\"elementor-element elementor-element-b212a53 elementor-position-inline-start elementor-view-default elementor-mobile-position-block-start elementor-widget elementor-widget-icon-box\" data-id=\"b212a53\" data-element_type=\"widget\" data-e-type=\"widget\" data-widget_type=\"icon-box.default\">\n\t\t\t\t<div class=\"elementor-widget-container\">\n\t\t\t\t\t\t\t<div class=\"elementor-icon-box-wrapper\">\n\n\t\t\t\t\t\t<div class=\"elementor-icon-box-icon\">\n\t\t\t\t<a href=\"https:\/\/studiosukun.ca\/fr\/salome-marques\/\" class=\"elementor-icon elementor-animation-grow\" tabindex=\"-1\" aria-label=\"Salom\u00e9 Marques\">\n\t\t\t\t<i aria-hidden=\"true\" class=\"vamtamtheme- vamtam-theme-arrow-left\"><\/i>\t\t\t\t<\/a>\n\t\t\t<\/div>\n\t\t\t\n\t\t\t\t\t\t<div class=\"elementor-icon-box-content\">\n\n\t\t\t\t\t\t\t\t\t<h3 class=\"elementor-icon-box-title\">\n\t\t\t\t\t\t<a href=\"https:\/\/studiosukun.ca\/fr\/salome-marques\/\" >\n\t\t\t\t\t\t\tSalom\u00e9 Marques\t\t\t\t\t\t<\/a>\n\t\t\t\t\t<\/h3>\n\t\t\t\t\n\t\t\t\t\n\t\t\t<\/div>\n\t\t\t\n\t\t<\/div>\n\t\t\t\t\t\t<\/div>\n\t\t\t\t<\/div>\n\t\t\t\t\t<\/div>\n\t\t<\/div>\n\t\t\t\t\t<\/div>\n\t\t<\/section>\n\t\t\t\t<section class=\"elementor-section elementor-top-section elementor-element elementor-element-559c255 elementor-section-boxed elementor-section-height-default elementor-section-height-default wpr-particle-no wpr-jarallax-no wpr-parallax-no wpr-sticky-section-no\" data-id=\"559c255\" data-element_type=\"section\" data-e-type=\"section\">\n\t\t\t\t\t\t<div class=\"elementor-container elementor-column-gap-default\">\n\t\t\t\t\t<div class=\"elementor-column elementor-col-100 elementor-top-column elementor-element elementor-element-07426cd\" data-id=\"07426cd\" data-element_type=\"column\" data-e-type=\"column\">\n\t\t\t<div class=\"elementor-widget-wrap elementor-element-populated\">\n\t\t\t\t\t\t<div class=\"elementor-element elementor-element-f6b2f58 elementor-widget elementor-widget-text-editor\" data-id=\"f6b2f58\" data-element_type=\"widget\" data-e-type=\"widget\" data-widget_type=\"text-editor.default\">\n\t\t\t\t<div class=\"elementor-widget-container\">\n\t\t\t\t\t\t\t\t\t<p>Lorem ipsum dolor sit amet, consectetur adipiscing elit. Ut elit tellus, luctus nec ullamcorper mattis, pulvinar dapibus leo.<\/p>\t\t\t\t\t\t\t\t<\/div>\n\t\t\t\t<\/div>\n\t\t\t\t\t<\/div>\n\t\t<\/div>\n\t\t\t\t\t<\/div>\n\t\t<\/section>\n\t\t\t\t<\/div>","protected":false},"excerpt":{"rendered":"<p>Instructors Antonia Minitsos\u200b Yoga For as long as Antonia can remember, Yoga has been a part of her life. Her mom played a significant role in this journey through sharing her knowledge and practices with her from a young age. Antonia\u2019s love for movement continued to flourish, from being a soccer player to becoming a strength and conditioning coach to then trusting her inner voice and completing her YTT.\u00a0 Antonia credits the depth of her practice and love of yoga to the many esteemed teachers she has studied with, particularly Daniel Castro, Nicole Jones, Katie Ribsam, Melanie Richards and her mom. In each of her classes, she aspires to offer students a safe space to move through postures in their own unique way that is centered around their bodily needs and functions.\u00a0 She pulls from numerous styles in the yoga system and functional movement to guide a relevant style to students wanting to improve the way they move. Deeply rooted in love and kindness, Antonia\u2019s vision is to help her community better connect with themselves and others through movement and awareness. Salom\u00e9 Marques Lorem ipsum dolor sit amet, consectetur adipiscing elit. Ut elit tellus, luctus nec ullamcorper mattis, pulvinar dapibus leo.<\/p>","protected":false},"author":2,"featured_media":0,"parent":0,"menu_order":0,"comment_status":"closed","ping_status":"closed","template":"","meta":{"footnotes":""},"class_list":["post-3514","page","type-page","status-publish","hentry"],"aioseo_notices":[],"_links":{"self":[{"href":"https:\/\/studiosukun.ca\/fr\/wp-json\/wp\/v2\/pages\/3514","targetHints":{"allow":["GET"]}}],"collection":[{"href":"https:\/\/studiosukun.ca\/fr\/wp-json\/wp\/v2\/pages"}],"about":[{"href":"https:\/\/studiosukun.ca\/fr\/wp-json\/wp\/v2\/types\/page"}],"author":[{"embeddable":true,"href":"https:\/\/studiosukun.ca\/fr\/wp-json\/wp\/v2\/users\/2"}],"replies":[{"embeddable":true,"href":"https:\/\/studiosukun.ca\/fr\/wp-json\/wp\/v2\/comments?post=3514"}],"version-history":[{"count":23,"href":"https:\/\/studiosukun.ca\/fr\/wp-json\/wp\/v2\/pages\/3514\/revisions"}],"predecessor-version":[{"id":991060,"href":"https:\/\/studiosukun.ca\/fr\/wp-json\/wp\/v2\/pages\/3514\/revisions\/991060"}],"wp:attachment":[{"href":"https:\/\/studiosukun.ca\/fr\/wp-json\/wp\/v2\/media?parent=3514"}],"curies":[{"name":"wp","href":"https:\/\/api.w.org\/{rel}","templated":true}]}}