{"id":3478,"date":"2021-03-09T09:06:33","date_gmt":"2021-03-09T09:06:33","guid":{"rendered":"https:\/\/ativo.vamtam.com\/?page_id=3478"},"modified":"2023-10-05T15:46:43","modified_gmt":"2023-10-05T15:46:43","slug":"salome-marques","status":"publish","type":"page","link":"https:\/\/studiosukun.ca\/fr\/salome-marques\/","title":{"rendered":"Salom\u00e9 Marques"},"content":{"rendered":"<div data-elementor-type=\"wp-page\" data-elementor-id=\"3478\" class=\"elementor elementor-3478\" data-elementor-post-type=\"page\">\n\t\t\t\t\t\t<section class=\"elementor-section elementor-top-section elementor-element elementor-element-5f40a9a elementor-section-boxed elementor-section-height-default elementor-section-height-default wpr-particle-no wpr-jarallax-no wpr-parallax-no wpr-sticky-section-no wpr-equal-height-no\" data-id=\"5f40a9a\" data-element_type=\"section\" data-e-type=\"section\">\n\t\t\t\t\t\t<div class=\"elementor-container elementor-column-gap-no\">\n\t\t\t\t\t<div class=\"elementor-column elementor-col-100 elementor-top-column elementor-element elementor-element-5c8ac5b\" data-id=\"5c8ac5b\" data-element_type=\"column\" data-e-type=\"column\">\n\t\t\t<div class=\"elementor-widget-wrap elementor-element-populated\">\n\t\t\t\t\t\t<div class=\"elementor-element elementor-element-ab3e115 elementor-invisible elementor-widget elementor-widget-heading\" data-id=\"ab3e115\" data-element_type=\"widget\" data-e-type=\"widget\" data-settings=\"{&quot;_animation&quot;:&quot;fadeIn&quot;,&quot;_animation_tablet&quot;:&quot;none&quot;,&quot;_animation_mobile&quot;:&quot;none&quot;}\" data-widget_type=\"heading.default\">\n\t\t\t\t<div class=\"elementor-widget-container\">\n\t\t\t\t\t<h1 class=\"elementor-heading-title elementor-size-default\">Professeurs<\/h1>\t\t\t\t<\/div>\n\t\t\t\t<\/div>\n\t\t\t\t\t<\/div>\n\t\t<\/div>\n\t\t\t\t\t<\/div>\n\t\t<\/section>\n\t\t\t\t<section class=\"elementor-section elementor-top-section elementor-element elementor-element-8b27dd2 elementor-section-boxed elementor-section-height-default elementor-section-height-default wpr-particle-no wpr-jarallax-no wpr-parallax-no wpr-sticky-section-no wpr-equal-height-no\" data-id=\"8b27dd2\" data-element_type=\"section\" data-e-type=\"section\">\n\t\t\t\t\t\t<div class=\"elementor-container elementor-column-gap-no\">\n\t\t\t\t\t<div class=\"elementor-column elementor-col-50 elementor-top-column elementor-element elementor-element-8dd3f36\" data-id=\"8dd3f36\" data-element_type=\"column\" data-e-type=\"column\">\n\t\t\t<div class=\"elementor-widget-wrap elementor-element-populated\">\n\t\t\t\t\t\t<div class=\"vamtam-has-theme-widget-styles elementor-element elementor-element-36eb646 elementor-invisible elementor-widget elementor-widget-image\" data-id=\"36eb646\" data-element_type=\"widget\" data-e-type=\"widget\" data-settings=\"{&quot;_animation&quot;:&quot;imageGrowWithScaleLeft&quot;,&quot;_animation_tablet&quot;:&quot;none&quot;,&quot;_animation_mobile&quot;:&quot;none&quot;}\" data-widget_type=\"image.default\">\n\t\t\t\t<div class=\"elementor-widget-container\">\n\t\t\t\t\t\t\t\t\t<div class=\"elementor-image\">\n\t\t\t\t\t\t\t\t\t\t\t<div class=\"vamtam-image-wrapper\">\n\t\t\t\t\t\t\t\t\t\t\t\t\t\t\t\t\t\t\t\t\t<img fetchpriority=\"high\" decoding=\"async\" width=\"2560\" height=\"2560\" src=\"https:\/\/studiosukun.ca\/wp-content\/uploads\/2023\/08\/20211016_102653-scaled.jpg\" class=\"attachment-full size-full wp-image-988436\" alt=\"\" srcset=\"https:\/\/studiosukun.ca\/wp-content\/uploads\/2023\/08\/20211016_102653-scaled.jpg 2560w, https:\/\/studiosukun.ca\/wp-content\/uploads\/2023\/08\/20211016_102653-300x300.jpg 300w, https:\/\/studiosukun.ca\/wp-content\/uploads\/2023\/08\/20211016_102653-1024x1024.jpg 1024w, https:\/\/studiosukun.ca\/wp-content\/uploads\/2023\/08\/20211016_102653-150x150.jpg 150w, https:\/\/studiosukun.ca\/wp-content\/uploads\/2023\/08\/20211016_102653-768x768.jpg 768w, https:\/\/studiosukun.ca\/wp-content\/uploads\/2023\/08\/20211016_102653-1536x1536.jpg 1536w, https:\/\/studiosukun.ca\/wp-content\/uploads\/2023\/08\/20211016_102653-2048x2048.jpg 2048w, https:\/\/studiosukun.ca\/wp-content\/uploads\/2023\/08\/20211016_102653-12x12.jpg 12w, https:\/\/studiosukun.ca\/wp-content\/uploads\/2023\/08\/20211016_102653-1260x1260.jpg 1260w, https:\/\/studiosukun.ca\/wp-content\/uploads\/2023\/08\/20211016_102653-630x630.jpg 630w, https:\/\/studiosukun.ca\/wp-content\/uploads\/2023\/08\/20211016_102653-315x315.jpg 315w\" sizes=\"(max-width: 2560px) 100vw, 2560px\" \/>\t\t\t\t\t\t\t\t\t\t\t\t\t\t\t\t\t\t\t\t\t\t\t\t\t\t<\/div>\n\t\t\t\t\t\t\t\t\t<\/div>\n\t\t\t\t\t\t\t\t<\/div>\n\t\t\t\t<\/div>\n\t\t\t\t\t<\/div>\n\t\t<\/div>\n\t\t\t\t<div class=\"elementor-column elementor-col-50 elementor-top-column elementor-element elementor-element-319d4d1 animated-slow elementor-invisible\" data-id=\"319d4d1\" data-element_type=\"column\" data-e-type=\"column\" data-settings=\"{&quot;animation&quot;:&quot;fadeIn&quot;,&quot;animation_delay&quot;:300}\">\n\t\t\t<div class=\"elementor-widget-wrap elementor-element-populated\">\n\t\t\t\t\t\t<div class=\"elementor-element elementor-element-8d8afd1 elementor-widget elementor-widget-heading\" data-id=\"8d8afd1\" data-element_type=\"widget\" data-e-type=\"widget\" data-widget_type=\"heading.default\">\n\t\t\t\t<div class=\"elementor-widget-container\">\n\t\t\t\t\t<h2 class=\"elementor-heading-title elementor-size-default\">Salom\u00e9 Marques<\/h2>\t\t\t\t<\/div>\n\t\t\t\t<\/div>\n\t\t\t\t<div class=\"elementor-element elementor-element-56586bd elementor-widget elementor-widget-heading\" data-id=\"56586bd\" data-element_type=\"widget\" data-e-type=\"widget\" data-widget_type=\"heading.default\">\n\t\t\t\t<div class=\"elementor-widget-container\">\n\t\t\t\t\t<h6 class=\"elementor-heading-title elementor-size-default\">Yoga<\/h6>\t\t\t\t<\/div>\n\t\t\t\t<\/div>\n\t\t\t\t<div class=\"elementor-element elementor-element-5c5aab0 elementor-widget elementor-widget-text-editor\" data-id=\"5c5aab0\" data-element_type=\"widget\" data-e-type=\"widget\" data-widget_type=\"text-editor.default\">\n\t\t\t\t<div class=\"elementor-widget-container\">\n\t\t\t\t\t\t\t\t\t<p>Form\u00e9e en Yoga Vinyasa, Yin et Nidra<\/p><p>Elle pratique le Yoga depuis environ 8 ans. Elle a d\u00e9couvert cette pratique \u00e0 Paris dans un minuscule studio surchauff\u00e9 o\u00f9 les tapis se montaient les uns sur les autres.<\/p><p>\u00c0 l'\u00e9poque, elle ne connaissait pas encore toute la philosophie du Yoga et elle pratiquait pour le bien que cela lui procurait.<\/p><p>C'est en arrivant \u00e0 Montr\u00e9al que sa pratique s'est d\u00e9velopp\u00e9e, et elle a commenc\u00e9 \u00e0 se former afin d'en apprendre plus sur l'univers du Yoga.<\/p><p>Aujourd'hui, le Yoga fait pleinement partie de son quotidien.<\/p><p>Ses cours allient fluidit\u00e9 du mouvement, conscience du corps et du souffle dans des flows cr\u00e9atifs qui naviguent entre le Yin et le Yang.<\/p>\t\t\t\t\t\t\t\t<\/div>\n\t\t\t\t<\/div>\n\t\t\t\t\t<\/div>\n\t\t<\/div>\n\t\t\t\t\t<\/div>\n\t\t<\/section>\n\t\t\t\t<section class=\"elementor-section elementor-top-section elementor-element elementor-element-e1a635b elementor-section-content-middle animated-slow elementor-section-boxed elementor-section-height-default elementor-section-height-default wpr-particle-no wpr-jarallax-no wpr-parallax-no wpr-sticky-section-no wpr-equal-height-no elementor-invisible\" data-id=\"e1a635b\" data-element_type=\"section\" data-e-type=\"section\" data-settings=\"{&quot;animation&quot;:&quot;fadeIn&quot;,&quot;animation_delay&quot;:300}\">\n\t\t\t\t\t\t<div class=\"elementor-container elementor-column-gap-default\">\n\t\t\t\t\t<div class=\"elementor-column elementor-col-50 elementor-top-column elementor-element elementor-element-dac60c5\" data-id=\"dac60c5\" data-element_type=\"column\" data-e-type=\"column\">\n\t\t\t<div class=\"elementor-widget-wrap elementor-element-populated\">\n\t\t\t\t\t\t<div class=\"elementor-element elementor-element-270b203 elementor-position-inline-start elementor-view-default elementor-mobile-position-block-start elementor-widget elementor-widget-icon-box\" data-id=\"270b203\" data-element_type=\"widget\" data-e-type=\"widget\" data-widget_type=\"icon-box.default\">\n\t\t\t\t<div class=\"elementor-widget-container\">\n\t\t\t\t\t\t\t<div class=\"elementor-icon-box-wrapper\">\n\n\t\t\t\t\t\t<div class=\"elementor-icon-box-icon\">\n\t\t\t\t<a href=\"https:\/\/studiosukun.ca\/fr\/aboudi-ouayda\/\" class=\"elementor-icon elementor-animation-grow\" tabindex=\"-1\" aria-label=\"Aboudi Ouayda\">\n\t\t\t\t<i aria-hidden=\"true\" class=\"vamtamtheme- vamtam-theme-arrow-left\"><\/i>\t\t\t\t<\/a>\n\t\t\t<\/div>\n\t\t\t\n\t\t\t\t\t\t<div class=\"elementor-icon-box-content\">\n\n\t\t\t\t\t\t\t\t\t<h3 class=\"elementor-icon-box-title\">\n\t\t\t\t\t\t<a href=\"https:\/\/studiosukun.ca\/fr\/aboudi-ouayda\/\" >\n\t\t\t\t\t\t\tAboudi Ouayda\t\t\t\t\t\t<\/a>\n\t\t\t\t\t<\/h3>\n\t\t\t\t\n\t\t\t\t\n\t\t\t<\/div>\n\t\t\t\n\t\t<\/div>\n\t\t\t\t\t\t<\/div>\n\t\t\t\t<\/div>\n\t\t\t\t\t<\/div>\n\t\t<\/div>\n\t\t\t\t<div class=\"elementor-column elementor-col-50 elementor-top-column elementor-element elementor-element-5fcf314\" data-id=\"5fcf314\" data-element_type=\"column\" data-e-type=\"column\">\n\t\t\t<div class=\"elementor-widget-wrap elementor-element-populated\">\n\t\t\t\t\t\t<div class=\"elementor-element elementor-element-000faef elementor-position-inline-end elementor-view-default elementor-mobile-position-block-start elementor-widget elementor-widget-icon-box\" data-id=\"000faef\" data-element_type=\"widget\" data-e-type=\"widget\" data-widget_type=\"icon-box.default\">\n\t\t\t\t<div class=\"elementor-widget-container\">\n\t\t\t\t\t\t\t<div class=\"elementor-icon-box-wrapper\">\n\n\t\t\t\t\t\t<div class=\"elementor-icon-box-icon\">\n\t\t\t\t<a href=\"https:\/\/studiosukun.ca\/fr\/antonia-minitsos\/\" class=\"elementor-icon elementor-animation-grow\" tabindex=\"-1\" aria-label=\"Antonia Minitsos\u200b\">\n\t\t\t\t<i aria-hidden=\"true\" class=\"vamtamtheme- vamtam-theme-arrow-right\"><\/i>\t\t\t\t<\/a>\n\t\t\t<\/div>\n\t\t\t\n\t\t\t\t\t\t<div class=\"elementor-icon-box-content\">\n\n\t\t\t\t\t\t\t\t\t<h3 class=\"elementor-icon-box-title\">\n\t\t\t\t\t\t<a href=\"https:\/\/studiosukun.ca\/fr\/antonia-minitsos\/\" >\n\t\t\t\t\t\t\tAntonia Minitsos\u200b\t\t\t\t\t\t<\/a>\n\t\t\t\t\t<\/h3>\n\t\t\t\t\n\t\t\t\t\n\t\t\t<\/div>\n\t\t\t\n\t\t<\/div>\n\t\t\t\t\t\t<\/div>\n\t\t\t\t<\/div>\n\t\t\t\t\t<\/div>\n\t\t<\/div>\n\t\t\t\t\t<\/div>\n\t\t<\/section>\n\t\t\t\t<\/div>","protected":false},"excerpt":{"rendered":"<p>Instructors Salom\u00e9 Marques Yoga Certified in Vinyasa, Yin, and Nidra Yoga. She has been practicing Yoga for about 8 years. She discovered this practice in Paris in a tiny, overheated studio where yoga mats were stacked on top of one another. At that time, She was not yet familiar with the full philosophy of Yoga, and she practiced solely for the benefits it provided her. It was upon arriving to Montreal that her practice expanded, and she began to undergo trainings to learn more about the world of Yoga. Today, Yoga is an integral part of her daily life. Her classes combine the fluidity of movement, body awareness, and breath awareness in creative flows that navigate between Yin and Yang. Aboudi Ouayda Antonia Minitsos\u200b<\/p>","protected":false},"author":2,"featured_media":0,"parent":0,"menu_order":0,"comment_status":"closed","ping_status":"closed","template":"","meta":{"footnotes":""},"class_list":["post-3478","page","type-page","status-publish","hentry"],"aioseo_notices":[],"_links":{"self":[{"href":"https:\/\/studiosukun.ca\/fr\/wp-json\/wp\/v2\/pages\/3478","targetHints":{"allow":["GET"]}}],"collection":[{"href":"https:\/\/studiosukun.ca\/fr\/wp-json\/wp\/v2\/pages"}],"about":[{"href":"https:\/\/studiosukun.ca\/fr\/wp-json\/wp\/v2\/types\/page"}],"author":[{"embeddable":true,"href":"https:\/\/studiosukun.ca\/fr\/wp-json\/wp\/v2\/users\/2"}],"replies":[{"embeddable":true,"href":"https:\/\/studiosukun.ca\/fr\/wp-json\/wp\/v2\/comments?post=3478"}],"version-history":[{"count":34,"href":"https:\/\/studiosukun.ca\/fr\/wp-json\/wp\/v2\/pages\/3478\/revisions"}],"predecessor-version":[{"id":990448,"href":"https:\/\/studiosukun.ca\/fr\/wp-json\/wp\/v2\/pages\/3478\/revisions\/990448"}],"wp:attachment":[{"href":"https:\/\/studiosukun.ca\/fr\/wp-json\/wp\/v2\/media?parent=3478"}],"curies":[{"name":"wp","href":"https:\/\/api.w.org\/{rel}","templated":true}]}}