{"id":1296,"date":"2021-02-25T14:24:32","date_gmt":"2021-02-25T14:24:32","guid":{"rendered":"https:\/\/ativo.vamtam.com\/?page_id=1296"},"modified":"2024-11-26T02:05:45","modified_gmt":"2024-11-26T02:05:45","slug":"schedules","status":"publish","type":"page","link":"https:\/\/studiosukun.ca\/fr\/schedules\/","title":{"rendered":"Schedules"},"content":{"rendered":"<div data-elementor-type=\"wp-page\" data-elementor-id=\"1296\" class=\"elementor elementor-1296\" data-elementor-post-type=\"page\">\n\t\t\t\t\t\t<section class=\"elementor-section elementor-top-section elementor-element elementor-element-d6a8679 elementor-section-boxed elementor-section-height-default elementor-section-height-default wpr-particle-no wpr-jarallax-no wpr-parallax-no wpr-sticky-section-no wpr-equal-height-no\" data-id=\"d6a8679\" data-element_type=\"section\" data-e-type=\"section\">\n\t\t\t\t\t\t<div class=\"elementor-container elementor-column-gap-no\">\n\t\t\t\t\t<div class=\"elementor-column elementor-col-100 elementor-top-column elementor-element elementor-element-3c6dc63\" data-id=\"3c6dc63\" data-element_type=\"column\" data-e-type=\"column\">\n\t\t\t<div class=\"elementor-widget-wrap elementor-element-populated\">\n\t\t\t\t\t\t<div class=\"elementor-element elementor-element-30e8ebb elementor-invisible elementor-widget elementor-widget-heading\" data-id=\"30e8ebb\" data-element_type=\"widget\" data-e-type=\"widget\" data-settings=\"{&quot;_animation&quot;:&quot;fadeIn&quot;,&quot;_animation_tablet&quot;:&quot;none&quot;,&quot;_animation_mobile&quot;:&quot;none&quot;}\" data-widget_type=\"heading.default\">\n\t\t\t\t<div class=\"elementor-widget-container\">\n\t\t\t\t\t<h1 class=\"elementor-heading-title elementor-size-default\">Horaire<\/h1>\t\t\t\t<\/div>\n\t\t\t\t<\/div>\n\t\t\t\t<div class=\"vamtam-has-theme-widget-styles elementor-element elementor-element-7c98b67 elementor-invisible elementor-widget elementor-widget-image\" data-id=\"7c98b67\" data-element_type=\"widget\" data-e-type=\"widget\" data-settings=\"{&quot;_animation&quot;:&quot;pulse&quot;,&quot;_animation_tablet&quot;:&quot;none&quot;,&quot;_animation_mobile&quot;:&quot;none&quot;,&quot;_animation_delay&quot;:200}\" data-widget_type=\"image.default\">\n\t\t\t\t<div class=\"elementor-widget-container\">\n\t\t\t\t\t\t\t\t\t<div class=\"elementor-image\">\n\t\t\t\t\t\t\t\t\t\t\t\t\t\t\t\t\t\t\t\t\t<img decoding=\"async\" width=\"142\" height=\"112\" src=\"https:\/\/studiosukun.ca\/wp-content\/uploads\/2021\/02\/Coordination.svg\" class=\"attachment-large size-large wp-image-603\" alt=\"\" \/>\t\t\t\t\t\t\t\t\t\t\t\t\t\t\t\t\t\t\t\t\t\t\t\t<\/div>\n\t\t\t\t\t\t\t\t<\/div>\n\t\t\t\t<\/div>\n\t\t\t\t<div class=\"elementor-element elementor-element-b4e70f7 elementor-invisible elementor-widget elementor-widget-text-editor\" data-id=\"b4e70f7\" data-element_type=\"widget\" data-e-type=\"widget\" data-settings=\"{&quot;_animation&quot;:&quot;fadeIn&quot;,&quot;_animation_delay&quot;:400}\" data-widget_type=\"text-editor.default\">\n\t\t\t\t<div class=\"elementor-widget-container\">\n\t\t\t\t\t\t\t\t\t<p>Il y a un cours pour tout le monde, venez trouver le v\u00f4tre. Dirig\u00e9s par des instructeurs qualifi\u00e9s, nos cours offrent la communaut\u00e9, l'\u00e9nergie, la motivation, l'exp\u00e9rience et am\u00e9lioration.<\/p>\t\t\t\t\t\t\t\t<\/div>\n\t\t\t\t<\/div>\n\t\t\t\t\t<\/div>\n\t\t<\/div>\n\t\t\t\t\t<\/div>\n\t\t<\/section>\n\t\t<div class=\"elementor-element elementor-element-e63fe23 e-con-full e-flex wpr-particle-no wpr-jarallax-no wpr-parallax-no wpr-sticky-section-no wpr-equal-height-no e-con e-parent\" data-id=\"e63fe23\" data-element_type=\"container\" data-e-type=\"container\">\n\t\t\t\t<div class=\"elementor-element elementor-element-dcac4be elementor-widget elementor-widget-html\" data-id=\"dcac4be\" data-element_type=\"widget\" data-e-type=\"widget\" data-widget_type=\"html.default\">\n\t\t\t\t<div class=\"elementor-widget-container\">\n\t\t\t\t\t<!-- Mindbody Schedules widget begin -->\n<div class=\"mindbody-widget\" data-widget-type=\"Schedules\" data-widget-id=\"c6888852ba\"><\/div>\n<script async src=\"https:\/\/brandedweb.mindbodyonline.com\/embed\/widget.js\"><\/script>\n<!-- Mindbody Schedules widget end -->\t\t\t\t<\/div>\n\t\t\t\t<\/div>\n\t\t\t\t<\/div>\n\t\t\t\t<section class=\"elementor-section elementor-top-section elementor-element elementor-element-605a919 elementor-hidden-desktop elementor-hidden-tablet elementor-hidden-mobile elementor-section-boxed elementor-section-height-default elementor-section-height-default wpr-particle-no wpr-jarallax-no wpr-parallax-no wpr-sticky-section-no wpr-equal-height-no\" data-id=\"605a919\" data-element_type=\"section\" data-e-type=\"section\">\n\t\t\t\t\t\t<div class=\"elementor-container elementor-column-gap-default\">\n\t\t\t\t\t<div class=\"elementor-column elementor-col-100 elementor-top-column elementor-element elementor-element-2c065ba\" data-id=\"2c065ba\" data-element_type=\"column\" data-e-type=\"column\">\n\t\t\t<div class=\"elementor-widget-wrap elementor-element-populated\">\n\t\t\t\t\t\t<div class=\"elementor-element elementor-element-20bdaf1 elementor-widget elementor-widget-html\" data-id=\"20bdaf1\" data-element_type=\"widget\" data-e-type=\"widget\" data-widget_type=\"html.default\">\n\t\t\t\t<div class=\"elementor-widget-container\">\n\t\t\t\t\t<script src=\"https:\/\/cdnjs.cloudflare.com\/ajax\/libs\/iframe-resizer\/3.6.1\/iframeResizer.min.js\"><\/script>\n    <iframe id=\"glofox_1\" src=\"https:\/\/app.glofox.com\/portal\/#\/branch\/64b9826bbe43227d800397c6\/classes-week-view?header=classes\"\n      width=\"100%\" height=\"100%\" scrolling=\"no\" frameborder=\"0\"><\/iframe>\n    <div style=\"display:flex; justify-content:center; text-decoration:none;font-family: Arial, Helvetica, sans-serif;\">\n      powered by<a style=\"text-decoration: none; font-family: Arial, Helvetica, sans-serif; \"\n        href=\"https:\/\/www.glofox.com\"><b>&nbsp;Glofox<\/b><\/a><\/div>\n      <script>\n        iFrameResize({\n          log: false,\n          checkOrigin: false,\n          tolerance: 10,\n          sizeHeight: true,\n          heightCalculationMethod: 'lowestElement',\n          minHeight: 300,\n          scrolling: 'auto'\n        },\n          '#glofox_1')\n      <\/script>\t\t\t\t<\/div>\n\t\t\t\t<\/div>\n\t\t\t\t\t<\/div>\n\t\t<\/div>\n\t\t\t\t\t<\/div>\n\t\t<\/section>\n\t\t\t\t<\/div>","protected":false},"excerpt":{"rendered":"<p>Schedule There\u2019s a class for everyone, come find yours. Led by skilled instructors, our classes offer community, energy, motivation, experience and improvement. powered by&nbsp;Glofox<\/p>","protected":false},"author":2,"featured_media":0,"parent":0,"menu_order":0,"comment_status":"closed","ping_status":"closed","template":"","meta":{"footnotes":""},"class_list":["post-1296","page","type-page","status-publish","hentry"],"aioseo_notices":[],"_links":{"self":[{"href":"https:\/\/studiosukun.ca\/fr\/wp-json\/wp\/v2\/pages\/1296","targetHints":{"allow":["GET"]}}],"collection":[{"href":"https:\/\/studiosukun.ca\/fr\/wp-json\/wp\/v2\/pages"}],"about":[{"href":"https:\/\/studiosukun.ca\/fr\/wp-json\/wp\/v2\/types\/page"}],"author":[{"embeddable":true,"href":"https:\/\/studiosukun.ca\/fr\/wp-json\/wp\/v2\/users\/2"}],"replies":[{"embeddable":true,"href":"https:\/\/studiosukun.ca\/fr\/wp-json\/wp\/v2\/comments?post=1296"}],"version-history":[{"count":36,"href":"https:\/\/studiosukun.ca\/fr\/wp-json\/wp\/v2\/pages\/1296\/revisions"}],"predecessor-version":[{"id":991476,"href":"https:\/\/studiosukun.ca\/fr\/wp-json\/wp\/v2\/pages\/1296\/revisions\/991476"}],"wp:attachment":[{"href":"https:\/\/studiosukun.ca\/fr\/wp-json\/wp\/v2\/media?parent=1296"}],"curies":[{"name":"wp","href":"https:\/\/api.w.org\/{rel}","templated":true}]}}